{"id":500,"date":"2015-07-06T15:37:35","date_gmt":"2015-07-06T15:37:35","guid":{"rendered":"http:\/\/www.garniaiserrai.it\/?page_id=500"},"modified":"2026-04-28T19:58:35","modified_gmt":"2026-04-28T19:58:35","slug":"serrai-di-sottoguda","status":"publish","type":"page","link":"https:\/\/www.garniaiserrai.it\/de\/serrai-di-sottoguda\/","title":{"rendered":"Serrai di Sottoguda"},"content":{"rendered":"<section class=\"l-section wpb_row height_auto width_full\"><div class=\"l-section-h i-cf\"><div class=\"g-cols vc_row via_grid cols_1 laptops-cols_inherit tablets-cols_inherit mobiles-cols_1 valign_top type_default stacking_default\"><div class=\"wpb_column vc_column_container\"><div class=\"vc_column-inner\">[rev_slider_vc alias=&#8220;slider17&#8243;]<\/div><\/div><\/div><\/div><\/section><section class=\"l-section wpb_row height_medium\"><div class=\"l-section-h i-cf\"><div class=\"g-cols vc_row via_grid cols_1 laptops-cols_inherit tablets-cols_inherit mobiles-cols_1 valign_top type_default stacking_default\"><div class=\"wpb_column vc_column_container\"><div class=\"vc_column-inner\"><div class=\"g-cols wpb_row via_grid cols_1 laptops-cols_inherit tablets-cols_inherit mobiles-cols_1 valign_top type_default stacking_default\" style=\"--columns-gap:3rem;\"><div class=\"wpb_column vc_column_container\"><div class=\"vc_column-inner\"><div class=\"wpb_text_column\"><div class=\"wpb_wrapper\"><h2><b>SERRAI DI SOTTOGUDA\u00a0<em>&#8222;Der Tempel der Natur&#8220;<\/em><\/b><\/h2>\n<p>(DIE SCHLUCHT IST NOCH GESPAERT BIS DAS ENDE VON DER WIEDERHERSTELLUNG)<\/p>\n<p>Wenige Schritte von von unserem Garni Hotel entfernt, sind die <strong>Serrai von Sottoguda<\/strong> , eine wundersch\u00f6ne, 2 km lange Schlucht, die die Ortschaft Sottoguda mit Malga Ciapela verbindet; einstmals war es das Werk der Erosion der Gletscher und dann des Wassers des Wildbachs Pettorin, der durch dieses Naturschutzgebiet flie\u00dft. Hunderte von Metern hohe Felsw\u00e4nde, von der Natur ausgewaschene tiefe H\u00f6hlen und Abgr\u00fcnde, machen diese Landschaft einzigartig; bis in die 60er Jahre waren sie die einzige Zugangsm\u00f6glichkeit zu dem Fedaia-Pass, w\u00e4hrend sie heutzutage als\u00a0\u00a0 \u201eTempel der Natur&#8220; gelten. Auf dem Weg dorthin k\u00f6nnen Sie die Sch\u00f6nheit der Natur bewundern und auch die Grotte der Heiligen Maria, das Kirchlein von St. Anton und die Wasserf\u00e4lle von ru Franzei.<\/p>\n<p>Im Sommer k\u00f6nnen diese Sehensw\u00fcrdigkeiten zu Fu\u00df.<\/p>\n<p>Im Winter ist die Atmosph\u00e4re in Serrai von Sottoguda noch eindrucksvoller; es gibt viele Touristen, die sie zu Fu\u00df oder mit Schneeschuhen durchwandern und dabei die Formen und Gebilde, die Schnee und Eis bilden, bewundern.<\/p>\n<p>Die Serrai di Sottoguda sind die ber\u00fchmtesten und am meisten besuchten Eisw\u00e4nde in den Dolomiten. Sie sind europaweit bekannt, dank der vielen Strecken mit verschiedenen Schwierigkeitsgraden und auch dadurch, dass die Eisw\u00e4nde ohne Schwierigkeiten erreicht werden k\u00f6nnen.<\/p>\n<p><iframe loading=\"lazy\" src=\"https:\/\/player.vimeo.com\/video\/56681110\" width=\"100%\" height=\"400\" frameborder=\"0\" allowfullscreen=\"allowfullscreen\"><\/iframe><\/p>\n<p><a href=\"https:\/\/vimeo.com\/56681110\">Ice climbing in Serrai di Sottoguda<\/a> from <a href=\"https:\/\/vimeo.com\/vincentvanbeek\">vincent van beek<\/a> on <a href=\"https:\/\/vimeo.com\">Vimeo<\/a>.<\/p>\n<\/div><\/div><\/div><\/div><\/div><div class=\"g-cols wpb_row via_grid cols_1 laptops-cols_inherit tablets-cols_inherit mobiles-cols_1 valign_top type_default stacking_default\" style=\"--columns-gap:3rem;\"><div class=\"wpb_column vc_column_container\"><div class=\"vc_column-inner\"><div class=\"w-grid us_grid type_grid layout_gallery_default cols_5 preload_style_spinner\" id=\"us_grid_1\" style=\"--columns:5;\" data-filterable=\"true\"><style>@media (max-width:767px){#us_grid_1{--columns:4!important}}@media (max-width:479px){#us_grid_1{--columns:2!important}}.layout_gallery_default .w-grid-item-h{}<\/style><div class=\"w-grid-list\">\t<article class=\"w-grid-item size_1x1 post-236 attachment type-attachment status-inherit hentry\" data-id=\"236\">\r\n\t\t<div class=\"w-grid-item-h\">\r\n\t\t\t\t\t\t\t<a ref=\"magnificPopupGrid\" href=\"https:\/\/www.garniaiserrai.it\/wp-content\/uploads\/2015\/06\/006-garni-ai-serrai-marmolada.jpg\" class=\"w-grid-item-anchor\" aria-label=\"006-garni-ai-serrai-marmolada\"><\/a>\r\n\t\t\t\t\t\t<div class=\"w-post-elm post_image usg_post_image_1 stretched\"><img loading=\"lazy\" decoding=\"async\" width=\"800\" height=\"448\" src=\"https:\/\/www.garniaiserrai.it\/wp-content\/uploads\/2015\/06\/006-garni-ai-serrai-marmolada.jpg\" class=\"attachment-us_350_350_crop size-us_350_350_crop\" alt=\"\" srcset=\"https:\/\/www.garniaiserrai.it\/wp-content\/uploads\/2015\/06\/006-garni-ai-serrai-marmolada.jpg 800w, https:\/\/www.garniaiserrai.it\/wp-content\/uploads\/2015\/06\/006-garni-ai-serrai-marmolada-300x168.jpg 300w, https:\/\/www.garniaiserrai.it\/wp-content\/uploads\/2015\/06\/006-garni-ai-serrai-marmolada-600x336.jpg 600w, https:\/\/www.garniaiserrai.it\/wp-content\/uploads\/2015\/06\/006-garni-ai-serrai-marmolada-150x84.jpg 150w\" sizes=\"auto, (max-width: 800px) 100vw, 800px\" \/><\/div>\t\t<\/div>\r\n\t\t\t<\/article>\r\n\t<article class=\"w-grid-item size_1x1 post-235 attachment type-attachment status-inherit hentry\" data-id=\"235\">\r\n\t\t<div class=\"w-grid-item-h\">\r\n\t\t\t\t\t\t\t<a ref=\"magnificPopupGrid\" href=\"https:\/\/www.garniaiserrai.it\/wp-content\/uploads\/2015\/06\/005-garni-ai-serrai-marmolada.jpg\" class=\"w-grid-item-anchor\" aria-label=\"005-garni-ai-serrai-marmolada\"><\/a>\r\n\t\t\t\t\t\t<div class=\"w-post-elm post_image usg_post_image_1 stretched\"><img loading=\"lazy\" decoding=\"async\" width=\"598\" height=\"800\" src=\"https:\/\/www.garniaiserrai.it\/wp-content\/uploads\/2015\/06\/005-garni-ai-serrai-marmolada.jpg\" class=\"attachment-us_350_350_crop size-us_350_350_crop\" alt=\"\" srcset=\"https:\/\/www.garniaiserrai.it\/wp-content\/uploads\/2015\/06\/005-garni-ai-serrai-marmolada.jpg 598w, https:\/\/www.garniaiserrai.it\/wp-content\/uploads\/2015\/06\/005-garni-ai-serrai-marmolada-224x300.jpg 224w, https:\/\/www.garniaiserrai.it\/wp-content\/uploads\/2015\/06\/005-garni-ai-serrai-marmolada-150x200.jpg 150w, https:\/\/www.garniaiserrai.it\/wp-content\/uploads\/2015\/06\/005-garni-ai-serrai-marmolada-300x401.jpg 300w\" sizes=\"auto, (max-width: 598px) 100vw, 598px\" \/><\/div>\t\t<\/div>\r\n\t\t\t<\/article>\r\n\t<article class=\"w-grid-item size_1x1 post-237 attachment type-attachment status-inherit hentry\" data-id=\"237\">\r\n\t\t<div class=\"w-grid-item-h\">\r\n\t\t\t\t\t\t\t<a ref=\"magnificPopupGrid\" href=\"https:\/\/www.garniaiserrai.it\/wp-content\/uploads\/2015\/06\/037-garni-ai-serrai-marmolada.jpg\" class=\"w-grid-item-anchor\" aria-label=\"037-garni-ai-serrai-marmolada\"><\/a>\r\n\t\t\t\t\t\t<div class=\"w-post-elm post_image usg_post_image_1 stretched\"><img loading=\"lazy\" decoding=\"async\" width=\"531\" height=\"800\" src=\"https:\/\/www.garniaiserrai.it\/wp-content\/uploads\/2015\/06\/037-garni-ai-serrai-marmolada.jpg\" class=\"attachment-us_350_350_crop size-us_350_350_crop\" alt=\"\" srcset=\"https:\/\/www.garniaiserrai.it\/wp-content\/uploads\/2015\/06\/037-garni-ai-serrai-marmolada.jpg 531w, https:\/\/www.garniaiserrai.it\/wp-content\/uploads\/2015\/06\/037-garni-ai-serrai-marmolada-199x300.jpg 199w, https:\/\/www.garniaiserrai.it\/wp-content\/uploads\/2015\/06\/037-garni-ai-serrai-marmolada-150x226.jpg 150w, https:\/\/www.garniaiserrai.it\/wp-content\/uploads\/2015\/06\/037-garni-ai-serrai-marmolada-300x452.jpg 300w, https:\/\/www.garniaiserrai.it\/wp-content\/uploads\/2015\/06\/037-garni-ai-serrai-marmolada-133x200.jpg 133w\" sizes=\"auto, (max-width: 531px) 100vw, 531px\" \/><\/div>\t\t<\/div>\r\n\t\t\t<\/article>\r\n\t<article class=\"w-grid-item size_1x1 post-234 attachment type-attachment status-inherit hentry\" data-id=\"234\">\r\n\t\t<div class=\"w-grid-item-h\">\r\n\t\t\t\t\t\t\t<a ref=\"magnificPopupGrid\" href=\"https:\/\/www.garniaiserrai.it\/wp-content\/uploads\/2015\/06\/052-garni-ai-serrai-marmolada.jpg\" class=\"w-grid-item-anchor\" aria-label=\"052-garni-ai-serrai-marmolada\"><\/a>\r\n\t\t\t\t\t\t<div class=\"w-post-elm post_image usg_post_image_1 stretched\"><img loading=\"lazy\" decoding=\"async\" width=\"800\" height=\"600\" src=\"https:\/\/www.garniaiserrai.it\/wp-content\/uploads\/2015\/06\/052-garni-ai-serrai-marmolada.jpg\" class=\"attachment-us_350_350_crop size-us_350_350_crop\" alt=\"\" srcset=\"https:\/\/www.garniaiserrai.it\/wp-content\/uploads\/2015\/06\/052-garni-ai-serrai-marmolada.jpg 800w, https:\/\/www.garniaiserrai.it\/wp-content\/uploads\/2015\/06\/052-garni-ai-serrai-marmolada-300x225.jpg 300w, https:\/\/www.garniaiserrai.it\/wp-content\/uploads\/2015\/06\/052-garni-ai-serrai-marmolada-600x450.jpg 600w, https:\/\/www.garniaiserrai.it\/wp-content\/uploads\/2015\/06\/052-garni-ai-serrai-marmolada-150x113.jpg 150w, https:\/\/www.garniaiserrai.it\/wp-content\/uploads\/2015\/06\/052-garni-ai-serrai-marmolada-267x200.jpg 267w\" sizes=\"auto, (max-width: 800px) 100vw, 800px\" \/><\/div>\t\t<\/div>\r\n\t\t\t<\/article>\r\n\t<article class=\"w-grid-item size_1x1 post-238 attachment type-attachment status-inherit hentry\" data-id=\"238\">\r\n\t\t<div class=\"w-grid-item-h\">\r\n\t\t\t\t\t\t\t<a ref=\"magnificPopupGrid\" href=\"https:\/\/www.garniaiserrai.it\/wp-content\/uploads\/2015\/06\/047-garni-ai-serrai-marmolada.jpg\" class=\"w-grid-item-anchor\" aria-label=\"047-garni-ai-serrai-marmolada\"><\/a>\r\n\t\t\t\t\t\t<div class=\"w-post-elm post_image usg_post_image_1 stretched\"><img loading=\"lazy\" decoding=\"async\" width=\"600\" height=\"800\" src=\"https:\/\/www.garniaiserrai.it\/wp-content\/uploads\/2015\/06\/047-garni-ai-serrai-marmolada.jpg\" class=\"attachment-us_350_350_crop size-us_350_350_crop\" alt=\"\" srcset=\"https:\/\/www.garniaiserrai.it\/wp-content\/uploads\/2015\/06\/047-garni-ai-serrai-marmolada.jpg 600w, https:\/\/www.garniaiserrai.it\/wp-content\/uploads\/2015\/06\/047-garni-ai-serrai-marmolada-225x300.jpg 225w, https:\/\/www.garniaiserrai.it\/wp-content\/uploads\/2015\/06\/047-garni-ai-serrai-marmolada-450x600.jpg 450w, https:\/\/www.garniaiserrai.it\/wp-content\/uploads\/2015\/06\/047-garni-ai-serrai-marmolada-150x200.jpg 150w, https:\/\/www.garniaiserrai.it\/wp-content\/uploads\/2015\/06\/047-garni-ai-serrai-marmolada-300x400.jpg 300w\" sizes=\"auto, (max-width: 600px) 100vw, 600px\" \/><\/div>\t\t<\/div>\r\n\t\t\t<\/article>\r\n<\/div>\t<div class=\"w-grid-preloader\">\r\n\t\t<div class=\"g-preloader type_1\">\r\n\t\t\t<div><\/div>\r\n\t\t<\/div>\r\n\t<\/div>\r\n\t\t<div class=\"w-grid-json hidden\" onclick='return {&quot;action&quot;:&quot;us_ajax_grid&quot;,&quot;infinite_scroll&quot;:0,&quot;max_num_pages&quot;:1,&quot;pagination&quot;:&quot;none&quot;,&quot;template_vars&quot;:{&quot;columns&quot;:&quot;5&quot;,&quot;exclude_items&quot;:&quot;none&quot;,&quot;img_size&quot;:&quot;us_350_350_crop&quot;,&quot;ignore_items_size&quot;:0,&quot;items_layout&quot;:&quot;gallery_default&quot;,&quot;items_offset&quot;:&quot;1&quot;,&quot;load_animation&quot;:&quot;none&quot;,&quot;overriding_link&quot;:&quot;%7B%22type%22%3A%22popup_image%22%7D&quot;,&quot;post_id&quot;:0,&quot;query_args&quot;:{&quot;post_type&quot;:[&quot;attachment&quot;],&quot;post__in&quot;:[&quot;236&quot;,&quot;235&quot;,&quot;237&quot;,&quot;234&quot;,&quot;238&quot;],&quot;post_status&quot;:&quot;inherit&quot;,&quot;post_mime_type&quot;:&quot;image&quot;,&quot;posts_per_page&quot;:999},&quot;orderby_query_args&quot;:{&quot;orderby&quot;:{&quot;post__in&quot;:&quot;ASC&quot;},&quot;order&quot;:&quot;ASC&quot;},&quot;type&quot;:&quot;grid&quot;,&quot;us_grid_post_type&quot;:&quot;attachment&quot;,&quot;us_grid_ajax_index&quot;:1,&quot;us_grid_filter_query_string&quot;:null,&quot;us_grid_index&quot;:1,&quot;page_args&quot;:[],&quot;lang&quot;:&quot;de&quot;}}'><\/div>\r\n\t<\/div><\/div><\/div><\/div><\/div><\/div><\/div><\/div><\/section>\n","protected":false},"excerpt":{"rendered":"","protected":false},"author":6,"featured_media":0,"parent":0,"menu_order":0,"comment_status":"closed","ping_status":"open","template":"","meta":{"footnotes":""},"class_list":["post-500","page","type-page","status-publish","hentry"],"yoast_head":"<!-- This site is optimized with the Yoast SEO plugin v27.6 - https:\/\/yoast.com\/product\/yoast-seo-wordpress\/ -->\n<title>Serrai di Sottoguda - Garn&igrave; ai Serrai<\/title>\n<meta name=\"robots\" content=\"index, follow, max-snippet:-1, max-image-preview:large, max-video-preview:-1\" \/>\n<link rel=\"canonical\" href=\"https:\/\/www.garniaiserrai.it\/de\/serrai-di-sottoguda\/\" \/>\n<meta property=\"og:locale\" content=\"de_DE\" \/>\n<meta property=\"og:type\" content=\"article\" \/>\n<meta property=\"og:title\" content=\"Serrai di Sottoguda - Garn&igrave; ai Serrai\" \/>\n<meta property=\"og:url\" content=\"https:\/\/www.garniaiserrai.it\/de\/serrai-di-sottoguda\/\" \/>\n<meta property=\"og:site_name\" content=\"Garn&igrave; ai Serrai\" \/>\n<meta property=\"article:modified_time\" content=\"2026-04-28T19:58:35+00:00\" \/>\n<meta name=\"twitter:card\" content=\"summary_large_image\" \/>\n<meta name=\"twitter:label1\" content=\"Gesch\u00e4tzte Lesezeit\" \/>\n\t<meta name=\"twitter:data1\" content=\"2\u00a0Minuten\" \/>\n<script type=\"application\/ld+json\" class=\"yoast-schema-graph\">{\"@context\":\"https:\\\/\\\/schema.org\",\"@graph\":[{\"@type\":\"WebPage\",\"@id\":\"https:\\\/\\\/www.garniaiserrai.it\\\/de\\\/serrai-di-sottoguda\\\/\",\"url\":\"https:\\\/\\\/www.garniaiserrai.it\\\/de\\\/serrai-di-sottoguda\\\/\",\"name\":\"Serrai di Sottoguda - Garn&igrave; ai Serrai\",\"isPartOf\":{\"@id\":\"https:\\\/\\\/www.garniaiserrai.it\\\/#website\"},\"datePublished\":\"2015-07-06T15:37:35+00:00\",\"dateModified\":\"2026-04-28T19:58:35+00:00\",\"breadcrumb\":{\"@id\":\"https:\\\/\\\/www.garniaiserrai.it\\\/de\\\/serrai-di-sottoguda\\\/#breadcrumb\"},\"inLanguage\":\"de\",\"potentialAction\":[{\"@type\":\"ReadAction\",\"target\":[\"https:\\\/\\\/www.garniaiserrai.it\\\/de\\\/serrai-di-sottoguda\\\/\"]}]},{\"@type\":\"BreadcrumbList\",\"@id\":\"https:\\\/\\\/www.garniaiserrai.it\\\/de\\\/serrai-di-sottoguda\\\/#breadcrumb\",\"itemListElement\":[{\"@type\":\"ListItem\",\"position\":1,\"name\":\"Start\",\"item\":\"https:\\\/\\\/www.garniaiserrai.it\\\/\"},{\"@type\":\"ListItem\",\"position\":2,\"name\":\"Serrai di Sottoguda\"}]},{\"@type\":\"WebSite\",\"@id\":\"https:\\\/\\\/www.garniaiserrai.it\\\/#website\",\"url\":\"https:\\\/\\\/www.garniaiserrai.it\\\/\",\"name\":\"Garn&igrave; ai Serrai\",\"description\":\"Hotel Garni Ai Serrai ***\",\"potentialAction\":[{\"@type\":\"SearchAction\",\"target\":{\"@type\":\"EntryPoint\",\"urlTemplate\":\"https:\\\/\\\/www.garniaiserrai.it\\\/?s={search_term_string}\"},\"query-input\":{\"@type\":\"PropertyValueSpecification\",\"valueRequired\":true,\"valueName\":\"search_term_string\"}}],\"inLanguage\":\"de\"}]}<\/script>\n<!-- \/ Yoast SEO plugin. -->","yoast_head_json":{"title":"Serrai di Sottoguda - Garn&igrave; ai Serrai","robots":{"index":"index","follow":"follow","max-snippet":"max-snippet:-1","max-image-preview":"max-image-preview:large","max-video-preview":"max-video-preview:-1"},"canonical":"https:\/\/www.garniaiserrai.it\/de\/serrai-di-sottoguda\/","og_locale":"de_DE","og_type":"article","og_title":"Serrai di Sottoguda - Garn&igrave; ai Serrai","og_url":"https:\/\/www.garniaiserrai.it\/de\/serrai-di-sottoguda\/","og_site_name":"Garn&igrave; ai Serrai","article_modified_time":"2026-04-28T19:58:35+00:00","twitter_card":"summary_large_image","twitter_misc":{"Gesch\u00e4tzte Lesezeit":"2\u00a0Minuten"},"schema":{"@context":"https:\/\/schema.org","@graph":[{"@type":"WebPage","@id":"https:\/\/www.garniaiserrai.it\/de\/serrai-di-sottoguda\/","url":"https:\/\/www.garniaiserrai.it\/de\/serrai-di-sottoguda\/","name":"Serrai di Sottoguda - Garn&igrave; ai Serrai","isPartOf":{"@id":"https:\/\/www.garniaiserrai.it\/#website"},"datePublished":"2015-07-06T15:37:35+00:00","dateModified":"2026-04-28T19:58:35+00:00","breadcrumb":{"@id":"https:\/\/www.garniaiserrai.it\/de\/serrai-di-sottoguda\/#breadcrumb"},"inLanguage":"de","potentialAction":[{"@type":"ReadAction","target":["https:\/\/www.garniaiserrai.it\/de\/serrai-di-sottoguda\/"]}]},{"@type":"BreadcrumbList","@id":"https:\/\/www.garniaiserrai.it\/de\/serrai-di-sottoguda\/#breadcrumb","itemListElement":[{"@type":"ListItem","position":1,"name":"Start","item":"https:\/\/www.garniaiserrai.it\/"},{"@type":"ListItem","position":2,"name":"Serrai di Sottoguda"}]},{"@type":"WebSite","@id":"https:\/\/www.garniaiserrai.it\/#website","url":"https:\/\/www.garniaiserrai.it\/","name":"Garn&igrave; ai Serrai","description":"Hotel Garni Ai Serrai ***","potentialAction":[{"@type":"SearchAction","target":{"@type":"EntryPoint","urlTemplate":"https:\/\/www.garniaiserrai.it\/?s={search_term_string}"},"query-input":{"@type":"PropertyValueSpecification","valueRequired":true,"valueName":"search_term_string"}}],"inLanguage":"de"}]}},"_links":{"self":[{"href":"https:\/\/www.garniaiserrai.it\/de\/wp-json\/wp\/v2\/pages\/500","targetHints":{"allow":["GET"]}}],"collection":[{"href":"https:\/\/www.garniaiserrai.it\/de\/wp-json\/wp\/v2\/pages"}],"about":[{"href":"https:\/\/www.garniaiserrai.it\/de\/wp-json\/wp\/v2\/types\/page"}],"author":[{"embeddable":true,"href":"https:\/\/www.garniaiserrai.it\/de\/wp-json\/wp\/v2\/users\/6"}],"replies":[{"embeddable":true,"href":"https:\/\/www.garniaiserrai.it\/de\/wp-json\/wp\/v2\/comments?post=500"}],"version-history":[{"count":10,"href":"https:\/\/www.garniaiserrai.it\/de\/wp-json\/wp\/v2\/pages\/500\/revisions"}],"predecessor-version":[{"id":1628,"href":"https:\/\/www.garniaiserrai.it\/de\/wp-json\/wp\/v2\/pages\/500\/revisions\/1628"}],"wp:attachment":[{"href":"https:\/\/www.garniaiserrai.it\/de\/wp-json\/wp\/v2\/media?parent=500"}],"curies":[{"name":"wp","href":"https:\/\/api.w.org\/{rel}","templated":true}]}}