{"id":499,"date":"2015-06-09T19:14:22","date_gmt":"2015-06-09T19:14:22","guid":{"rendered":"http:\/\/www.garniaiserrai.it\/richiestad1d2-2\/"},"modified":"2026-04-28T19:57:10","modified_gmt":"2026-04-28T19:57:10","slug":"richiestad1d2","status":"publish","type":"page","link":"https:\/\/www.garniaiserrai.it\/de\/richiestad1d2\/","title":{"rendered":"Anfrage"},"content":{"rendered":"<section class=\"l-section wpb_row height_auto width_full\"><div class=\"l-section-h i-cf\"><div class=\"g-cols vc_row via_grid cols_1 laptops-cols_inherit tablets-cols_inherit mobiles-cols_1 valign_top type_default stacking_default\"><div class=\"wpb_column vc_column_container\"><div class=\"vc_column-inner\">[rev_slider_vc alias=&#8220;slider6&#8243;]<\/div><\/div><\/div><\/div><\/section><section class=\"l-section wpb_row height_medium\"><div class=\"l-section-h i-cf\"><div class=\"g-cols vc_row via_grid cols_1 laptops-cols_inherit tablets-cols_inherit mobiles-cols_1 valign_top type_default stacking_default\"><div class=\"wpb_column vc_column_container\"><div class=\"vc_column-inner\">\n<div class=\"wpcf7 no-js\" id=\"wpcf7-f1673-o1\" lang=\"it-IT\" dir=\"ltr\" data-wpcf7-id=\"1673\">\n<div class=\"screen-reader-response\"><p role=\"status\" aria-live=\"polite\" aria-atomic=\"true\"><\/p> <ul><\/ul><\/div>\n<form action=\"\/de\/wp-json\/wp\/v2\/pages\/499#wpcf7-f1673-o1\" method=\"post\" class=\"wpcf7-form init\" aria-label=\"Modulo di contatto\" novalidate=\"novalidate\" data-status=\"init\">\n<fieldset class=\"hidden-fields-container\"><input type=\"hidden\" name=\"_wpcf7\" value=\"1673\" \/><input type=\"hidden\" name=\"_wpcf7_version\" value=\"6.1.6\" \/><input type=\"hidden\" name=\"_wpcf7_locale\" value=\"it_IT\" \/><input type=\"hidden\" name=\"_wpcf7_unit_tag\" value=\"wpcf7-f1673-o1\" \/><input type=\"hidden\" name=\"_wpcf7_container_post\" value=\"0\" \/><input type=\"hidden\" name=\"_wpcf7_posted_data_hash\" value=\"\" \/><input type=\"hidden\" name=\"_wpcf7_recaptcha_response\" value=\"\" \/>\n<\/fieldset>\n<div>\n<h2>Auswahl<\/h2>\n\n<span class=\"wpcf7-form-control-wrap\" data-name=\"radio-469\"><span class=\"wpcf7-form-control wpcf7-radio\"><span class=\"wpcf7-list-item first\"><label><input type=\"radio\" name=\"radio-469\" value=\"Anfrage\" \/><span class=\"wpcf7-list-item-label\">Anfrage<\/span><\/label><\/span><span class=\"wpcf7-list-item last\"><label><input type=\"radio\" name=\"radio-469\" value=\"Buchung\" \/><span class=\"wpcf7-list-item-label\">Buchung<\/span><\/label><\/span><\/span><\/span>\n<\/div>\n\n<div>\n<h2> Zaitraum <\/h2>\n\n<div class=\"row\"><label> von*\n    <span class=\"wpcf7-form-control-wrap\" data-name=\"d1\"><input class=\"wpcf7-form-control wpcf7-date wpcf7-validates-as-required wpcf7-validates-as-date\" aria-required=\"true\" aria-invalid=\"false\" value=\"\" type=\"date\" name=\"d1\" \/><\/span> <\/label>\n<label> bis*\n    <span class=\"wpcf7-form-control-wrap\" data-name=\"d2\"><input class=\"wpcf7-form-control wpcf7-date wpcf7-validates-as-required wpcf7-validates-as-date\" aria-required=\"true\" aria-invalid=\"false\" value=\"\" type=\"date\" name=\"d2\" \/><\/span> <\/label><\/div>\n\n<\/div>\n\n<div>\n<h2> Zimmerart <\/h2>\n\n<div class=\"row three\"><label> Anzahl del Erwachsenen*\n    <span class=\"wpcf7-form-control-wrap\" data-name=\"number-603\"><input class=\"wpcf7-form-control wpcf7-number wpcf7-validates-as-number\" min=\"0\" aria-invalid=\"false\" value=\"\" type=\"number\" name=\"number-603\" \/><\/span> <\/label>\n<label> Anzahl der Kinder \n    <span class=\"wpcf7-form-control-wrap\" data-name=\"number-604\"><input class=\"wpcf7-form-control wpcf7-number wpcf7-validates-as-number\" min=\"0\" aria-invalid=\"false\" value=\"\" type=\"number\" name=\"number-604\" \/><\/span> <\/label>\n<label> Alter der Kinder durch Beistrich getrennt\n    <span class=\"wpcf7-form-control-wrap\" data-name=\"number-605\"><input class=\"wpcf7-form-control wpcf7-number wpcf7-validates-as-number\" min=\"0\" aria-invalid=\"false\" value=\"\" type=\"number\" name=\"number-605\" \/><\/span> <\/label><\/div>\n\n<\/div>\n\n<div>\n<h2>Verpflegung<\/h2>\n\n<span class=\"wpcf7-form-control-wrap\" data-name=\"radio-606\"><span class=\"wpcf7-form-control wpcf7-radio\"><span class=\"wpcf7-list-item first last\"><label><input type=\"radio\" name=\"radio-606\" value=\"\u00dcbernachtung und Fr\u00fcst\u00fcck\" \/><span class=\"wpcf7-list-item-label\">\u00dcbernachtung und Fr\u00fcst\u00fcck<\/span><\/label><\/span><\/span><\/span>\n<\/div>\n\n<div>\n<h2> Zimmerart <\/h2>\n\n<div class=\"row three\"><label> Einzelzimmer\n    <span class=\"wpcf7-form-control-wrap\" data-name=\"number-607\"><input class=\"wpcf7-form-control wpcf7-number wpcf7-validates-as-number\" min=\"0\" aria-invalid=\"false\" value=\"\" type=\"number\" name=\"number-607\" \/><\/span> <\/label>\n<label> Dopplezimmer\n    <span class=\"wpcf7-form-control-wrap\" data-name=\"number-608\"><input class=\"wpcf7-form-control wpcf7-number wpcf7-validates-as-number\" min=\"0\" aria-invalid=\"false\" value=\"\" type=\"number\" name=\"number-608\" \/><\/span> <\/label>\n<label> Dreibetterzimmer\n    <span class=\"wpcf7-form-control-wrap\" data-name=\"number-609\"><input class=\"wpcf7-form-control wpcf7-number wpcf7-validates-as-number\" min=\"0\" aria-invalid=\"false\" value=\"\" type=\"number\" name=\"number-609\" \/><\/span> <\/label><\/div>\n<div class=\"row three\"><label> Wohnzimmer\n    <span class=\"wpcf7-form-control-wrap\" data-name=\"number-610\"><input class=\"wpcf7-form-control wpcf7-number wpcf7-validates-as-number\" min=\"0\" aria-invalid=\"false\" value=\"\" type=\"number\" name=\"number-610\" \/><\/span> <\/label><\/div>\n<\/div>\n\n<div>\n<h2> Besondere W\u00fcnsche <\/h2>\n\n<label> Im Falle mehrerer Familien bitte die Familienmitglieder un das Alter der KInder pro Zimmer Spezifizieren\n    <span class=\"wpcf7-form-control-wrap\" data-name=\"textarea-524\"><textarea cols=\"40\" rows=\"10\" maxlength=\"2000\" class=\"wpcf7-form-control wpcf7-textarea\" aria-invalid=\"false\" name=\"textarea-524\"><\/textarea><\/span> <\/label>\n<\/div>\n\n<div>\n<h2> Personendaten <\/h2>\n\n<div class=\"row\">\n<label> Name* \n    <span class=\"wpcf7-form-control-wrap\" data-name=\"your-name\"><input size=\"40\" maxlength=\"400\" class=\"wpcf7-form-control wpcf7-text wpcf7-validates-as-required\" autocomplete=\"name\" aria-required=\"true\" aria-invalid=\"false\" value=\"\" type=\"text\" name=\"your-name\" \/><\/span> <\/label>\n\n<label> Nachname* \n    <span class=\"wpcf7-form-control-wrap\" data-name=\"your-cognome\"><input size=\"40\" maxlength=\"400\" class=\"wpcf7-form-control wpcf7-text wpcf7-validates-as-required\" autocomplete=\"cognome\" aria-required=\"true\" aria-invalid=\"false\" value=\"\" type=\"text\" name=\"your-cognome\" \/><\/span> <\/label>\n\n<label> Adresse \n    <span class=\"wpcf7-form-control-wrap\" data-name=\"your-indirizzo\"><input size=\"40\" maxlength=\"400\" class=\"wpcf7-form-control wpcf7-text wpcf7-validates-as-required\" autocomplete=\"indirizzo\" aria-required=\"true\" aria-invalid=\"false\" value=\"\" type=\"text\" name=\"your-indirizzo\" \/><\/span> <\/label>\n\n<label> Land \n    <span class=\"wpcf7-form-control-wrap\" data-name=\"your-stato\"><input size=\"40\" maxlength=\"400\" class=\"wpcf7-form-control wpcf7-text wpcf7-validates-as-required\" autocomplete=\"stato\" aria-required=\"true\" aria-invalid=\"false\" value=\"\" type=\"text\" name=\"your-stato\" \/><\/span> <\/label>\n\n<label> Ort \n    <span class=\"wpcf7-form-control-wrap\" data-name=\"your-comune\"><input size=\"40\" maxlength=\"400\" class=\"wpcf7-form-control wpcf7-text wpcf7-validates-as-required\" autocomplete=\"comune\" aria-required=\"true\" aria-invalid=\"false\" value=\"\" type=\"text\" name=\"your-comune\" \/><\/span> <\/label>\n\n<label> PLZ \n    <span class=\"wpcf7-form-control-wrap\" data-name=\"your-cap\"><input size=\"40\" maxlength=\"400\" class=\"wpcf7-form-control wpcf7-text wpcf7-validates-as-required\" autocomplete=\"cap\" aria-required=\"true\" aria-invalid=\"false\" value=\"\" type=\"text\" name=\"your-cap\" \/><\/span> <\/label>\n\n<label> Telefon \n    <span class=\"wpcf7-form-control-wrap\" data-name=\"your-telefono\"><input size=\"40\" maxlength=\"400\" class=\"wpcf7-form-control wpcf7-text wpcf7-validates-as-required\" autocomplete=\"telefono\" aria-required=\"true\" aria-invalid=\"false\" value=\"\" type=\"text\" name=\"your-telefono\" \/><\/span> <\/label>\n\n<label> E-mail*\n    <span class=\"wpcf7-form-control-wrap\" data-name=\"your-email\"><input size=\"40\" maxlength=\"400\" class=\"wpcf7-form-control wpcf7-email wpcf7-validates-as-required wpcf7-text wpcf7-validates-as-email\" autocomplete=\"email\" aria-required=\"true\" aria-invalid=\"false\" value=\"\" type=\"email\" name=\"your-email\" \/><\/span> <\/label>\n\n<label> Handy\n    <span class=\"wpcf7-form-control-wrap\" data-name=\"your-cellulare\"><input size=\"40\" maxlength=\"400\" class=\"wpcf7-form-control wpcf7-text wpcf7-validates-as-required\" autocomplete=\"cellulare\" aria-required=\"true\" aria-invalid=\"false\" value=\"\" type=\"text\" name=\"your-cellulare\" \/><\/span> <\/label>\n\n<label> Wiederholung E-mail*\n    <span class=\"wpcf7-form-control-wrap\" data-name=\"your-remail\"><input size=\"40\" maxlength=\"400\" class=\"wpcf7-form-control wpcf7-email wpcf7-validates-as-required wpcf7-text wpcf7-validates-as-email\" autocomplete=\"remail\" aria-required=\"true\" aria-invalid=\"false\" value=\"\" type=\"email\" name=\"your-remail\" \/><\/span> <\/label>\n<\/div>\n<\/div>\n<div>\n<strong>Informationen zur Verarbeitung personenbezogener Daten<\/strong>\n(EU-Verordnung Nr. 679\/2016)\nWir informieren Sie, dass die Daten, die Sie zur Verf\u00fcgung stellen, auf computergest\u00fctzte Weise in \u00dcbereinstimmung mit den in der geltenden Datenschutzgesetzgebung (EU-Verordnung Nr. 679 von 2016) festgelegten Grunds\u00e4tzen verarbeitet werden, um die angeforderten Informationen zu liefern und schlie\u00dflich Best\u00e4tigen Sie die Buchung von Zimmern und anderen Dienstleistungen.\n\n<h2> Newsletter <\/h2>\n    <span class=\"wpcf7-form-control-wrap\" data-name=\"acceptance-68\"><span class=\"wpcf7-form-control wpcf7-acceptance optional\"><span class=\"wpcf7-list-item\"><label><input type=\"checkbox\" name=\"acceptance-68\" value=\"1\" aria-invalid=\"false\" \/><span class=\"wpcf7-list-item-label\">Ich stimme zu, dass meine im Formular genannten Daten gesammelt und verarbeitet werden, um mir Werbebotschaften und Updates zu Preisen und Angeboten zu senden.<\/span><\/label><\/span><\/span><\/span>\n<\/div>\n\n<div>\n<h2> Dati Privacy <\/h2>\n\n    <span class=\"wpcf7-form-control-wrap\" data-name=\"acceptance-69\"><span class=\"wpcf7-form-control wpcf7-acceptance\"><span class=\"wpcf7-list-item\"><label><input type=\"checkbox\" name=\"acceptance-69\" value=\"1\" aria-invalid=\"false\" \/><span class=\"wpcf7-list-item-label\">Ich stimme zu, dass meine im Formular genannten Daten gesammelt und verarbeitet werden, um auf meine Anfrage zu antworten.<\/span><\/label><\/span><\/span><\/span>\n\nDie Einwilligung kann jederzeit per E-Mail an <a href=\"mailto:info@garniaiserrai.it\">info@garniaiserrai.it<\/a> widerrufen werden.\nDetaillierte Informationen zur Verarbeitung von Nutzerdaten sind in unserer <a href=\"https:\/\/www.garniaiserrai.it\/de\/privacy-policy\/\">Datenschutzerkl\u00e4rung enthalten<\/a>.\n<\/div>\n\n<span id=\"wpcf7-6a090698b2a86-wrapper\" class=\"wpcf7-form-control-wrap honeypot-436-wrap\" ><input type=\"hidden\" name=\"honeypot-436-random-hash\" value=\"62587495\"><label\n\t\t    for=\"wpcf7-6a090698b2a86-field\"\n\t\t    class=\"hp-message\"\n        >Si prega di lasciare vuoto questo campo.<\/label><input\n\t    id=\"wpcf7-6a090698b2a86-field\"\n\t    \n\t    class=\"wpcf7-form-control wpcf7-text\"\n\t    type=\"text\"\n\t    name=\"4mcckpw9pxza\"\n\t    value=\"\"\n\t    size=\"40\"\n\t    autocomplete=\"new-password\"\n\t    tabindex=\"1000\"\n    \/><\/span>\n\n<input class=\"wpcf7-form-control wpcf7-submit has-spinner\" type=\"submit\" value=\"Senden\" \/><div class=\"wpcf7-response-output\" aria-hidden=\"true\"><\/div>\n<\/form>\n<\/div>\n<\/div><\/div><\/div><\/div><\/section>\n","protected":false},"excerpt":{"rendered":"[rev_slider_vc alias=\"slider6\"] Auswahl AnfrageBuchung Zaitraum von* bis* Zimmerart Anzahl del Erwachsenen* Anzahl der Kinder Alter der Kinder durch Beistrich getrennt Verpflegung \u00dcbernachtung und Fr\u00fcst\u00fcck Zimmerart Einzelzimmer Dopplezimmer Dreibetterzimmer Wohnzimmer Besondere W\u00fcnsche Im Falle mehrerer Familien bitte die Familienmitglieder un das Alter der KInder pro Zimmer Spezifizieren Personendaten Name* Nachname* Adresse Land Ort PLZ Telefon E-mail*...","protected":false},"author":6,"featured_media":0,"parent":0,"menu_order":0,"comment_status":"closed","ping_status":"open","template":"","meta":{"footnotes":""},"class_list":["post-499","page","type-page","status-publish","hentry"],"yoast_head":"<!-- This site is optimized with the Yoast SEO plugin v27.6 - https:\/\/yoast.com\/product\/yoast-seo-wordpress\/ -->\n<title>Anfrage | Garni ai Serrai | Rocca Pietore | Marmolada | Dolomiten | Italy<\/title>\n<meta name=\"description\" content=\"Anfrage - F\u00fcllen Sie die erforderlichen Felder aus, wir werden so schnell wie m\u00f6glich antworten\" \/>\n<meta name=\"robots\" content=\"index, follow, max-snippet:-1, max-image-preview:large, max-video-preview:-1\" \/>\n<link rel=\"canonical\" href=\"https:\/\/www.garniaiserrai.it\/de\/richiestad1d2\/\" \/>\n<meta property=\"og:locale\" content=\"de_DE\" \/>\n<meta property=\"og:type\" content=\"article\" \/>\n<meta property=\"og:title\" content=\"Anfrage | Garni ai Serrai | Rocca Pietore | Marmolada | Dolomiten | Italy\" \/>\n<meta property=\"og:description\" content=\"Anfrage - F\u00fcllen Sie die erforderlichen Felder aus, wir werden so schnell wie m\u00f6glich antworten\" \/>\n<meta property=\"og:url\" content=\"https:\/\/www.garniaiserrai.it\/de\/richiestad1d2\/\" \/>\n<meta property=\"og:site_name\" content=\"Garn&igrave; ai Serrai\" \/>\n<meta property=\"article:modified_time\" content=\"2026-04-28T19:57:10+00:00\" \/>\n<meta name=\"twitter:card\" content=\"summary_large_image\" \/>\n<meta name=\"twitter:label1\" content=\"Gesch\u00e4tzte Lesezeit\" \/>\n\t<meta name=\"twitter:data1\" content=\"1\u00a0Minute\" \/>\n<script type=\"application\/ld+json\" class=\"yoast-schema-graph\">{\"@context\":\"https:\\\/\\\/schema.org\",\"@graph\":[{\"@type\":\"WebPage\",\"@id\":\"https:\\\/\\\/www.garniaiserrai.it\\\/de\\\/richiestad1d2\\\/\",\"url\":\"https:\\\/\\\/www.garniaiserrai.it\\\/de\\\/richiestad1d2\\\/\",\"name\":\"Anfrage | Garni ai Serrai | Rocca Pietore | Marmolada | Dolomiten | Italy\",\"isPartOf\":{\"@id\":\"https:\\\/\\\/www.garniaiserrai.it\\\/#website\"},\"datePublished\":\"2015-06-09T19:14:22+00:00\",\"dateModified\":\"2026-04-28T19:57:10+00:00\",\"description\":\"Anfrage - F\u00fcllen Sie die erforderlichen Felder aus, wir werden so schnell wie m\u00f6glich antworten\",\"breadcrumb\":{\"@id\":\"https:\\\/\\\/www.garniaiserrai.it\\\/de\\\/richiestad1d2\\\/#breadcrumb\"},\"inLanguage\":\"de\",\"potentialAction\":[{\"@type\":\"ReadAction\",\"target\":[\"https:\\\/\\\/www.garniaiserrai.it\\\/de\\\/richiestad1d2\\\/\"]}]},{\"@type\":\"BreadcrumbList\",\"@id\":\"https:\\\/\\\/www.garniaiserrai.it\\\/de\\\/richiestad1d2\\\/#breadcrumb\",\"itemListElement\":[{\"@type\":\"ListItem\",\"position\":1,\"name\":\"Start\",\"item\":\"https:\\\/\\\/www.garniaiserrai.it\\\/\"},{\"@type\":\"ListItem\",\"position\":2,\"name\":\"Anfrage\"}]},{\"@type\":\"WebSite\",\"@id\":\"https:\\\/\\\/www.garniaiserrai.it\\\/#website\",\"url\":\"https:\\\/\\\/www.garniaiserrai.it\\\/\",\"name\":\"Garn&igrave; ai Serrai\",\"description\":\"Hotel Garni Ai Serrai ***\",\"potentialAction\":[{\"@type\":\"SearchAction\",\"target\":{\"@type\":\"EntryPoint\",\"urlTemplate\":\"https:\\\/\\\/www.garniaiserrai.it\\\/?s={search_term_string}\"},\"query-input\":{\"@type\":\"PropertyValueSpecification\",\"valueRequired\":true,\"valueName\":\"search_term_string\"}}],\"inLanguage\":\"de\"}]}<\/script>\n<!-- \/ Yoast SEO plugin. -->","yoast_head_json":{"title":"Anfrage | Garni ai Serrai | Rocca Pietore | Marmolada | Dolomiten | Italy","description":"Anfrage - F\u00fcllen Sie die erforderlichen Felder aus, wir werden so schnell wie m\u00f6glich antworten","robots":{"index":"index","follow":"follow","max-snippet":"max-snippet:-1","max-image-preview":"max-image-preview:large","max-video-preview":"max-video-preview:-1"},"canonical":"https:\/\/www.garniaiserrai.it\/de\/richiestad1d2\/","og_locale":"de_DE","og_type":"article","og_title":"Anfrage | Garni ai Serrai | Rocca Pietore | Marmolada | Dolomiten | Italy","og_description":"Anfrage - F\u00fcllen Sie die erforderlichen Felder aus, wir werden so schnell wie m\u00f6glich antworten","og_url":"https:\/\/www.garniaiserrai.it\/de\/richiestad1d2\/","og_site_name":"Garn&igrave; ai Serrai","article_modified_time":"2026-04-28T19:57:10+00:00","twitter_card":"summary_large_image","twitter_misc":{"Gesch\u00e4tzte Lesezeit":"1\u00a0Minute"},"schema":{"@context":"https:\/\/schema.org","@graph":[{"@type":"WebPage","@id":"https:\/\/www.garniaiserrai.it\/de\/richiestad1d2\/","url":"https:\/\/www.garniaiserrai.it\/de\/richiestad1d2\/","name":"Anfrage | Garni ai Serrai | Rocca Pietore | Marmolada | Dolomiten | Italy","isPartOf":{"@id":"https:\/\/www.garniaiserrai.it\/#website"},"datePublished":"2015-06-09T19:14:22+00:00","dateModified":"2026-04-28T19:57:10+00:00","description":"Anfrage - F\u00fcllen Sie die erforderlichen Felder aus, wir werden so schnell wie m\u00f6glich antworten","breadcrumb":{"@id":"https:\/\/www.garniaiserrai.it\/de\/richiestad1d2\/#breadcrumb"},"inLanguage":"de","potentialAction":[{"@type":"ReadAction","target":["https:\/\/www.garniaiserrai.it\/de\/richiestad1d2\/"]}]},{"@type":"BreadcrumbList","@id":"https:\/\/www.garniaiserrai.it\/de\/richiestad1d2\/#breadcrumb","itemListElement":[{"@type":"ListItem","position":1,"name":"Start","item":"https:\/\/www.garniaiserrai.it\/"},{"@type":"ListItem","position":2,"name":"Anfrage"}]},{"@type":"WebSite","@id":"https:\/\/www.garniaiserrai.it\/#website","url":"https:\/\/www.garniaiserrai.it\/","name":"Garn&igrave; ai Serrai","description":"Hotel Garni Ai Serrai ***","potentialAction":[{"@type":"SearchAction","target":{"@type":"EntryPoint","urlTemplate":"https:\/\/www.garniaiserrai.it\/?s={search_term_string}"},"query-input":{"@type":"PropertyValueSpecification","valueRequired":true,"valueName":"search_term_string"}}],"inLanguage":"de"}]}},"_links":{"self":[{"href":"https:\/\/www.garniaiserrai.it\/de\/wp-json\/wp\/v2\/pages\/499","targetHints":{"allow":["GET"]}}],"collection":[{"href":"https:\/\/www.garniaiserrai.it\/de\/wp-json\/wp\/v2\/pages"}],"about":[{"href":"https:\/\/www.garniaiserrai.it\/de\/wp-json\/wp\/v2\/types\/page"}],"author":[{"embeddable":true,"href":"https:\/\/www.garniaiserrai.it\/de\/wp-json\/wp\/v2\/users\/6"}],"replies":[{"embeddable":true,"href":"https:\/\/www.garniaiserrai.it\/de\/wp-json\/wp\/v2\/comments?post=499"}],"version-history":[{"count":9,"href":"https:\/\/www.garniaiserrai.it\/de\/wp-json\/wp\/v2\/pages\/499\/revisions"}],"predecessor-version":[{"id":1676,"href":"https:\/\/www.garniaiserrai.it\/de\/wp-json\/wp\/v2\/pages\/499\/revisions\/1676"}],"wp:attachment":[{"href":"https:\/\/www.garniaiserrai.it\/de\/wp-json\/wp\/v2\/media?parent=499"}],"curies":[{"name":"wp","href":"https:\/\/api.w.org\/{rel}","templated":true}]}}