{"id":498,"date":"2015-06-24T14:06:27","date_gmt":"2015-06-24T14:06:27","guid":{"rendered":"http:\/\/www.garniaiserrai.it\/privacy-policy-2\/"},"modified":"2026-04-28T19:58:28","modified_gmt":"2026-04-28T19:58:28","slug":"privacy-policy","status":"publish","type":"page","link":"https:\/\/www.garniaiserrai.it\/de\/privacy-policy\/","title":{"rendered":"Privacy-Policy"},"content":{"rendered":"<h2>Privacy Policy<\/h2>\n<p><em>Sehr geehrter Kunde,<\/em><\/p>\n<p><em>Gem\u00e4\u00df der geltenden Gesetzgebung zum Schutz personenbezogener Daten (EU-Verordnung Nr. 679 von 2016) m\u00f6chten wir Sie dar\u00fcber informieren, dass die Verarbeitung Ihrer personenbezogenen Daten korrekt und transparent, f\u00fcr rechtm\u00e4\u00dfige Zwecke und zum Schutz Ihrer Privatsph\u00e4re und Ihrer Rechte erfolgt .<\/em><\/p>\n<p><em>1.\u00a0\u00a0\u00a0\u00a0\u00a0\u00a0<strong>\u00a0Ihre Buchung von Beherbergungs- und Nebendienstleistungen zu erwerben und zu best\u00e4tigen und die gew\u00fcnschten Dienstleistungen zu erbringen.<\/strong>\u00a0Da dies f\u00fcr die Definition der vertraglichen Vereinbarung und ihre sp\u00e4tere Umsetzung notwendig ist, ist ihre Zustimmung nicht erforderlich, au\u00dfer in F\u00e4llen, in denen bestimmte, so genannte sensible Daten gegeben werden. Im Falle einer Verweigerung der Bereitstellung personenbezogener Daten k\u00f6nnen wir die Buchung nicht best\u00e4tigen oder die angeforderten Dienstleistungen nicht erbringen. Die Behandlung endet mit der Abreise, aber einige seiner pers\u00f6nlichen Daten k\u00f6nnen oder m\u00fcssen weiterhin f\u00fcr die Zwecke und mit den in den folgenden Punkten angegebenen Methoden verarbeitet werden;<\/em><br \/>\n<em>\u00a0<\/em><br \/>\n<em>2.\u00a0\u00a0\u00a0\u00a0\u00a0\u00a0 \u00a0<strong>die Anforderung des \u201eKonsolidierte Fassung des \u00f6ffentlichen Sicherheitsgesetze\u201c (Artikel 109 RD 18.6.1931 n. 773) zu erf\u00fcllen, die uns die Polizeistation, f\u00fcr Zwecke der \u00f6ffentlichen Sicherheit zu informieren erfordert, ist der Kunde nach den allgemeinen untergebracht Methoden des Innenministeriums (Dekret vom 7. Januar 2013).<\/strong>\u00a0Die Bereitstellung von Daten ist obligatorisch und erfordert keine Zustimmung, und im Falle der Verweigerung der Bereitstellung von Daten werden wir nicht in der Lage sein, es in unserer Einrichtung zu hosten. Die zu diesem Zweck erhobenen Daten werden von uns nicht gespeichert, es sei denn, Sie erteilen uns die Einwilligung zur Erhaltung gem\u00e4\u00df Ziffer 4;<\/em><br \/>\n<em>\u00a0<\/em><br \/>\n<em>3.\u00a0\u00a0\u00a0\u00a0\u00a0\u00a0\u00a0<strong>die geltenden Verwaltungs-, Buchf\u00fchrungs- und Steuerpflichten zu erf\u00fcllen. F\u00fcr diese Zwecke wird die Verarbeitung durchgef\u00fchrt, ohne dass Sie Ihr Einverst\u00e4ndnis ben\u00f6tigen.<\/strong>\u00a0Die Daten werden von uns und unseren Vertretern verarbeitet und nur im Rahmen der gesetzlichen Verpflichtungen offengelegt. Im Falle einer Verweigerung der Bereitstellung der Daten, die f\u00fcr die oben genannten Verpflichtungen erforderlich sind, k\u00f6nnen wir die angeforderten Dienstleistungen nicht erbringen. Die f\u00fcr diese Zwecke erworbenen Daten werden von uns f\u00fcr die in den jeweiligen Vorschriften vorgesehene Zeit gespeichert (10 Jahre, bei Steuerfeststellungen noch mehr);<\/em><br \/>\n<em>\u00a0<\/em><br \/>\n<em>4.\u00a0\u00a0\u00a0\u00a0\u00a0\u00a0\u00a0<strong>um das Anmeldeverfahren bei sp\u00e4teren Aufenthalten in unserer Einrichtung zu beschleunigen.<\/strong>\u00a0Zu diesem Zweck werden Ihre Daten nach Erhalt der widerruflichen Einwilligung jederzeit f\u00fcr einen Zeitraum von maximal 10 Jahren aufbewahrt und verwendet, wenn Sie f\u00fcr die in den vorherigen Punkten genannten Zwecke wieder zu unseren G\u00e4sten geh\u00f6ren;<\/em><br \/>\n<em>\u00a0<\/em><br \/>\n<em>5.\u00a0\u00a0\u00a0\u00a0\u00a0\u00a0\u00a0<strong>die Funktion des Empfangens von Nachrichten und Telefonanrufen zu erf\u00fcllen, die w\u00e4hrend ihres Aufenthalts an sie adressiert sind.<\/strong>\u00a0Zu diesem Zweck ist Ihre Zustimmung erforderlich. Sie k\u00f6nnen Ihre Einwilligung jederzeit widerrufen. Die Behandlung wird bei ihrer Abreise sowieso aufh\u00f6ren; 6. um Ihnen unsere Werbebotschaften und Updates \u00fcber die Preise und Angebote zu senden. Zu diesem Zweck werden Ihre Daten nach Erhalt Ihrer Einwilligung f\u00fcr einen Zeitraum von maximal 10 Jahren aufbewahrt und nicht an Dritte weitergegeben. Sie k\u00f6nnen Ihre Einwilligung jederzeit widerrufen;<\/em><br \/>\n<em>\u00a0<\/em><br \/>\n<em>6.\u00a0\u00a0\u00a0\u00a0\u00a0\u00a0<strong>\u00a0um Ihnen unsere Werbebotschaften und Updates \u00fcber die Preise und Angebote zu senden.<\/strong>\u00a0Zu diesem Zweck werden Ihre Daten nach Erhalt Ihrer Einwilligung f\u00fcr einen Zeitraum von maximal 10 Jahren aufbewahrt und nicht an Dritte weitergegeben. Sie k\u00f6nnen Ihre Einwilligung jederzeit widerrufen;<\/em><br \/>\n<em>\u00a0<\/em><br \/>\n<em>7.\u00a0\u00a0\u00a0\u00a0\u00a0\u00a0\u00a0<strong>zum Schutz von Personen, Eigentum und Firmenverm\u00f6gen durch ein Video\u00fcberwachungssystem einiger Bereiche der Struktur, die durch das Vorhandensein entsprechender Zeichen identifizierbar sind.<\/strong>\u00a0F\u00fcr diese Behandlung ist Ihre Einwilligung nicht erforderlich, da sie unserem legitimen Interesse am Schutz von Personen und Eigentum in Bezug auf m\u00f6gliche Aggressionen, Diebst\u00e4hle, Raub\u00fcberf\u00e4lle, Besch\u00e4digungen, Vandalismus und zum Zwecke des Brandschutzes und der Arbeitsplatzsicherheit dient. Die aufgezeichneten Bilder werden nach 24 Stunden gel\u00f6scht, mit Ausnahme von Feiertagen oder anderen F\u00e4llen des Abschlusses der \u00dcbung, und in jedem Fall nicht l\u00e4nger als eine Woche. Sie sind nicht Gegenstand der Kommunikation mit Dritten, au\u00dfer in den F\u00e4llen, in denen es notwendig ist, sich an einen spezifischen Ermittlungsantrag der Justiz- oder Justizbeh\u00f6rden zu halten.<\/em><br \/>\n<em>\u00a0<\/em><br \/>\n<em>Wir m\u00f6chten Sie dar\u00fcber informieren, dass die Europ\u00e4ische Verordnung bestimmte Rechte anerkennt, einschlie\u00dflich des Rechts auf Zugang und Berichtigung, L\u00f6schung oder Einschr\u00e4nkung oder Ablehnung der Verarbeitung sowie des Rechts auf Daten\u00fcbertragbarkeit, sofern und soweit zutreffend (Artikel zu sein) 15 bis 22 der EU-Verordnung Nr. 679 von 2016). Sie kann auch eine Beschwerde bei der Aufsichtsbeh\u00f6rde gem\u00e4\u00df den in den geltenden Rechtsvorschriften festgelegten Verfahren einreichen.<\/em><br \/>\n<em>\u00a0<\/em><br \/>\n<em>F\u00fcr weitere Informationen und um die Rechte geltend zu machen, die von der europ\u00e4ischen Verordnung anerkannt sind, k\u00f6nnen Sie sich an folgende Adresse wenden:<\/em><\/p>\n<p><em><strong>Data Controller:<\/strong> HOTEL GARNI AI SERRAI di De Cassan e De Biasio (dati di contatto)\u00a0 Tel. 0437 722120<\/em><br \/>\n<em>\u00a0<\/em><br \/>\n<em><strong>Data Processor<em>\u00a0\u2013\u00a0<strong>Data Protection Officer \u2013 DPO<\/strong><\/em>:<\/strong>\u00a0 \u00a0<\/em><em>De Cassan Elena\u00a0 Tel. 0437 722120<\/em><\/p>\n<p>HOTEL GARNI\u2019 AI SERRAI di DE CASSAN &amp; DE BIASIO SNC<br \/>\nVIA SOTTOGUDA, 56 \u2013 I-32023 ROCCA PIETORE (BL)<br \/>\nTEL.: \u00a0+39 0437 722120 E-MAIL: <a href=\"mailto:INFO@GARNIAISERRAI.IT\">INFO@GARNIAISERRAI.IT<\/a><\/p>\n<h2>Cookie Policy<\/h2>\n<p>Wir verwenden sowohl eigene als auch Drittanbieter-Cookies, um unsere Dienstleistungen zu verbessern. Wenn Sie die Navigation fortsetzen, setzen wir voraus, dass Sie ihrer Verwendung zustimmen.<\/p>\n<p>Die vorliegende Cookie-Policy \u00a0hat den spezifischen Zweck, die verschiedenen Arten und Verwendungsm\u00f6glichkeiten zu erl\u00e4utern, sowie Angaben dar\u00fcber zu machen, wie die Cookies der Webseite abgelehnt bzw. gel\u00f6scht werden k\u00f6nnen, wenn Sie dies w\u00fcnschen.<\/p>\n<p><b> Was sind Cookies und wie werden sie verwendet<\/b><\/p>\n<p>Cookies sind Textdateien, die zur automatischen Authentifizierung, Navigationsspuren-Suche, sowie zur Speicherung von spezifischen Informationen \u00fcber die Nutzer dienen, die auf den Server zugreifen, wie zum Beispiel ihre bevorzugten Webseiten, oder bei Eink\u00e4ufen \u00fcber das Internet, der Inhalt ihrer \u201eWarenk\u00f6rbe\u201c.<\/p>\n<p>Im Detail handelt es sich um kleine Textzeichenfolgen, \u00a0die von einem Server an einen Web-Client (in der Regel ein Browser) geschickt werden und dann (unver\u00e4ndert) vom Client an den Server zur\u00fcckgesendet werden, und zwar jedes Mal, wenn der Client \u00a0den gleichen Abschnitt der gleichen Web-Domain aufruft. Der Begriff \u00a0\u201eCookie&#8220; &#8211; w\u00f6rtlich &#8222;Keks&#8220; &#8211; stammt von dem Begriff \u201eMagic Cookie\u201c (Zauber-Keks), ein im UNIX-Umfeld bekannter Begriff, der sowohl das Konzept als auch den Namen der HTTP-Cookies inspiriert hat.<\/p>\n<p>Jede Dom\u00e4ne \u00a0oder Teil einer Seite, die mit dem Browser besucht wird, kann Cookies einstellen. Da eine typische Internet-Seite, zum Beispiel, eine Online-Zeitung, Zeichen enth\u00e4lt, die aus vielen verschiedenen Bereichen stammen und jeder von ihnen Cookies verwenden kann, ist es normal, dass Ihr Browser viele Hundert Cookies speichert.<\/p>\n<p>Standardm\u00e4\u00dfig sind fast alle Web-Browser so eingestellt, dass sie automatisch Cookies akzeptieren.<\/p>\n<p>Die Webseiten von garniaiserrai.it verwenden oder k\u00f6nnen auch in Kombination miteinander, nachfolgende Cookie-Kategorien verwenden; diese sind gem\u00e4\u00df der in der Stellungnahme 04\/2012, die Befreiung von der Einwilligung in die Verwendung von Cookies betreffend, unterteilt, \u00a0die von der Arbeitsgruppe ex art. 29 \u00a0innerhalb der EU (<a href=\"http:\/\/ec.europa.eu\/justice\/data-protection\/article-29\/documentation\/opinion-recommendation\/files\/2012\/wp194_it.pdf#h2-8\">erh\u00e4ltlich unter diesem Link<\/a>) erteilt wurde:<\/p>\n<ul>\n<li>\u201e<b>Sessions-Cookies<\/b>\u201c, die aus rein technischen und funktionalen Anforderungen auf dem Computer des Nutzers \u00a0gespeichert werden, zum Zweck der \u00dcbertragung von Sessions-Identifikatoren, die erforderlich sind, um eine sichere und effiziente Navigation der Webseite \u00a0zu erm\u00f6glichen; sie werden am Ende der \u201eSession\u201c (daher der Name) mit dem Schlie\u00dfen des Browsers gel\u00f6scht. Durch diese Art Cookie wird \u00a0die Verwendung von anderen Computertechniken, die die Privatsph\u00e4re der Nutzer potenziell beeintr\u00e4chtigen k\u00f6nnen, vermieden.<\/li>\n<li><b>\u201epermanente Cookies\u201c<\/b>, die auf der Computer-Festplatte gespeichert bleiben, bis sie verfallen oder \u00a0vom Nutzer\/Besucher gel\u00f6scht werden. Durch permanente Cookies werden Besucher einer Webseite (oder andere Nutzer, die denselben Computer verwenden), automatisch bei jedem Besuch wieder erkannt. Permanente Cookies erf\u00fcllen viele Funktionen im Interesse der Surfer (wie zum Beispiel der Gebrauch der Navigations-Sprache oder die Registrierung des Einkaufswagens bei Online-Shopping. Allerdings k\u00f6nnen permanente Cookies f\u00fcr Werbezwecke verwendet werden oder sogar f\u00fcr Zwecke zweifelhafter Rechtm\u00e4\u00dfigkeit. Die Besucher k\u00f6nnen den Browser ihres Computers so einstellen, dass er alle Cookies annehmen\/ablehnen kann oder dass jedes Mal eine Warnanzeige zu sehen ist, wenn ein Cookie angeboten wird, um entscheiden zu k\u00f6nnen, ob er es annehmen oder ablehnen m\u00f6chte. \u00a0Der Benutzer kann auf jeden Fall die Standardkonfiguration (Default) \u00e4ndern und die Cookies deaktivieren (d.h. definitiv blockieren), indem er die h\u00f6chste Sicherheitsstufe einstellt.<\/li>\n<\/ul>\n<p>Diese beiden Arten von Cookies (Sessions-Cookies und permanente Cookies) k\u00f6nnen wiederum sein:<\/p>\n<ul>\n<li>aus erster Hand\u201c, wenn sie direkt vom Eigent\u00fcmer und\/oder Verwalter der Webseite verwaltet werden<\/li>\n<li>von Drittanbietern\u201c, wenn die Cookies von Verantwortlichen eingestellt und<\/li>\n<li>verwaltet werden, die auf die <b>vom Nutzer<\/b> besuchte Webseite fremd zugreifen.<\/li>\n<\/ul>\n<ol>\n<li><b> Wie Cookies funktionieren und wie man sie l\u00f6scht<\/b><\/li>\n<\/ol>\n<p>Die Funktionsweisen sowie die M\u00f6glichkeiten Cookies einzuschr\u00e4nken oder zu blockieren, k\u00f6nnen durch die Einstellungen des Internet-Browsers bestimmt werden.<\/p>\n<p>Dar\u00fcber hinausgehend kann man die Webseite in englischer Sprache:<a href=\"http:\/\/www.aboutcookies.org\/\">www.aboutcookies.org<\/a> \u00a0besuchen und hier Informationen bekommen, wie Cookies je nach Browsertyp verwaltet\/gel\u00f6scht werden k\u00f6nnen.<\/p>\n<p>Um die Cookies aus dem Internet-Browser eines Smartphones\/Tablets zu l\u00f6schen, muss die Bedienungsanleitung des Ger\u00e4tes beachtet werden.<\/p>\n<p><b> Liste der auf den Webseiten von <\/b>garniaiserrai.it <b>vorhandenen Cookies:<\/b><\/p>\n<p>In der folgenden Tabelle sind die Webseiten aufgelistet, die den Cookies entsprechen. Die Cookies k\u00f6nnen Sessions-Cookies oder permanente Cookies sein und auch Drittanbietern \u00a0geh\u00f6ren. Letztere fallen unter die direkte und ausschlie\u00dfliche Verantwortung des Betreibers und sind in folgende Makro-Kategorien unterteilt:<\/p>\n<ul>\n<li><b>Analitycs.<\/b> Das sind die zur Sammlung oder zur statistischen Analyse verwendeten Cookies, um Informationen \u00fcber den Zugang\/ die Besuche einer Webseite zu erhalten. In einigen F\u00e4llen dienen sie dazu, das Benutzerprofil zu bestimmen wie z.B. bei Anmeldeinformationen f\u00fcr den \u201eZugang zu eingeschr\u00e4nkten Bereichen (E-Mail-Adresse und Passwort),(pers\u00f6nliche Gewohnheiten, besuchte Seiten, heruntergeladene Inhalte, benutzte Kommunikationstypologien usw.<\/li>\n<li><b>Widgets.<\/b> In diese Kategorie fallen alle \u00a0grafischen Elemente einer Benutzerschnittstelle eines Programms, das den Zweck hat, dem Benutzer die Interaktion mit dem Programm zu erleichtern. Zum Beispiel die Cookies \u00a0von Facebook-, Google +, Twitter- sind Widgets Zus\u00e4tzliche Informationen \u00fcber deren Verwendung und die Privacy erhalten Sie direkt auf den Internetseiten der jeweiligen Betreiber.<\/li>\n<li><b>Advertising<\/b>. In diese Kategorie von Cookies fallen jene, die zu Werbezwecken auf einer Webseite verwendet werden. Google und Tradedoubler geh\u00f6ren zu dieser Kategorie. Zus\u00e4tzliche \u00a0Informationen \u00fcber deren Verwendung und die Privacy erhalten Sie direkt auf den Internetseiten der jeweiligen Betreiber.<\/li>\n<\/ul>\n<p>Web-Beacons. Zu dieser Kategorie geh\u00f6ren Code-Schnipsel, die es einer Webseite erm\u00f6glichen, Informationen mittels \u00a0Anforderung einer grafischen Darstellung zu sammeln und zu \u00fcbertragen. Webseiten k\u00f6nnen sie f\u00fcr verschiedene Zwecke benutzen, wie zum Beispiel f\u00fcr die Analyse der Benutzung der Webseiten, die Kontrolle und Berichterstattung \u00fcber Werbung und Personalisierung von Werbung und Inhalten.<\/p>\n<p><b><i>Informationen \u00fcber die Cookies von Drittanbietern<\/i><\/b><\/p>\n<table width=\"100%\">\n<tbody>\n<tr>\n<td colspan=\"2\" width=\"100%\"><\/td>\n<\/tr>\n<tr>\n<td width=\"50%\">Google<\/td>\n<td width=\"50%\"><a href=\"http:\/\/www.google.com\/policies\/privacy\/\">Informativa di Google<\/a><\/td>\n<\/tr>\n<tr>\n<td width=\"50%\">Google (Analytics)<\/td>\n<td width=\"50%\"><a href=\"http:\/\/www.google.com\/policies\/privacy\/\">Informativa di Google<\/a><\/td>\n<\/tr>\n<tr>\n<td width=\"50%\">Twitter<\/td>\n<td width=\"50%\"><a href=\"https:\/\/twitter.com\/privacy\">Informativa di Twitter<\/a><\/td>\n<\/tr>\n<tr>\n<td width=\"50%\">Google (Youtube)<\/td>\n<td width=\"50%\"><a href=\"http:\/\/www.google.com\/policies\/privacy\/\">Informativa di Google<\/a><\/td>\n<\/tr>\n<tr>\n<td width=\"50%\">Facebook<\/td>\n<td width=\"50%\"><a href=\"https:\/\/www.facebook.com\/about\/privacy\">Informativa di Facebook<\/a><\/td>\n<\/tr>\n<tr>\n<td width=\"50%\">WordPress<\/td>\n<td width=\"50%\"><a href=\"https:\/\/codex.wordpress.org\/WordPress_Cookies\">Informatica di wordpress<\/a><\/td>\n<\/tr>\n<tr>\n<td width=\"50%\">Yoast WordPress SEO<\/td>\n<td width=\"50%\"><a href=\"https:\/\/yoast.com\/privacy-policy\/\">Informativa Yoast wordpress<\/a><\/td>\n<\/tr>\n<\/tbody>\n<\/table>\n<p>&nbsp;<\/p>\n<p><b>Verwendung von Flash-Cookies<\/b><\/p>\n<p>Die Webseite kann Adobe Flash Player verwenden, um multimediale Inhalte anzubieten. Auf den meisten Computern ist das Programm per \u201eDefault\u201c-installiert.<\/p>\n<p>Falls man diese Inhalte benutzt, speichert Google Analytics \u00a0zus\u00e4tzliche Daten auf dem Computer, die auch als Flash-Cookies \u00a0(oder Local Share Object) bekannt sind und durch die der Besitzer imstande ist zu erfahren, wie viele Male ein bestimmtes Audio\/Video-File ge\u00f6ffnet wurde, wie viele Personen es bis zu Ende benutzt \u00a0und auch wie viele Personen es vor Beendigung geschlossen haben.<\/p>\n<p>Die Webseite von Adobe liefert Informationen dar\u00fcber, wie die Flash-Cookies gel\u00f6scht oder deaktiviert werden k\u00f6nnen: <a href=\"http:\/\/www.adobe.com\/products\/flashplayer\/security\">http:\/\/www.adobe.com\/products\/flashplayer\/security<\/a>).<br \/>\nMan beachte, dass die Einschr\u00e4nkung und\/oder L\u00f6schung dieser Flash-Cookies die Funktionen von Applikationen, die sich der Flash-Technologie bedienen, beeintr\u00e4chtigen kann.<\/p>\n","protected":false},"excerpt":{"rendered":"<p>Privacy Policy Sehr geehrter Kunde, Gem\u00e4\u00df der geltenden Gesetzgebung zum Schutz personenbezogener Daten (EU-Verordnung Nr. 679 von 2016) m\u00f6chten wir Sie dar\u00fcber informieren, dass die Verarbeitung Ihrer personenbezogenen Daten korrekt und transparent, f\u00fcr rechtm\u00e4\u00dfige Zwecke und zum Schutz Ihrer Privatsph\u00e4re und Ihrer Rechte erfolgt . 1.\u00a0\u00a0\u00a0\u00a0\u00a0\u00a0\u00a0Ihre Buchung von Beherbergungs- und Nebendienstleistungen zu erwerben und zu&#8230;<\/p>\n","protected":false},"author":6,"featured_media":0,"parent":0,"menu_order":0,"comment_status":"closed","ping_status":"open","template":"","meta":{"footnotes":""},"class_list":["post-498","page","type-page","status-publish","hentry"],"yoast_head":"<!-- This site is optimized with the Yoast SEO plugin v27.5 - https:\/\/yoast.com\/product\/yoast-seo-wordpress\/ -->\n<title>Privacy-Policy - Garn&igrave; ai Serrai<\/title>\n<meta name=\"robots\" content=\"index, follow, max-snippet:-1, max-image-preview:large, max-video-preview:-1\" \/>\n<link rel=\"canonical\" href=\"https:\/\/www.garniaiserrai.it\/de\/privacy-policy\/\" \/>\n<meta property=\"og:locale\" content=\"de_DE\" \/>\n<meta property=\"og:type\" content=\"article\" \/>\n<meta property=\"og:title\" content=\"Privacy-Policy - Garn&igrave; ai Serrai\" \/>\n<meta property=\"og:description\" content=\"Privacy Policy Sehr geehrter Kunde, Gem\u00e4\u00df der geltenden Gesetzgebung zum Schutz personenbezogener Daten (EU-Verordnung Nr. 679 von 2016) m\u00f6chten wir Sie dar\u00fcber informieren, dass die Verarbeitung Ihrer personenbezogenen Daten korrekt und transparent, f\u00fcr rechtm\u00e4\u00dfige Zwecke und zum Schutz Ihrer Privatsph\u00e4re und Ihrer Rechte erfolgt . 1.\u00a0\u00a0\u00a0\u00a0\u00a0\u00a0\u00a0Ihre Buchung von Beherbergungs- und Nebendienstleistungen zu erwerben und zu...\" \/>\n<meta property=\"og:url\" content=\"https:\/\/www.garniaiserrai.it\/de\/privacy-policy\/\" \/>\n<meta property=\"og:site_name\" content=\"Garn&igrave; ai Serrai\" \/>\n<meta property=\"article:modified_time\" content=\"2026-04-28T19:58:28+00:00\" \/>\n<meta name=\"twitter:card\" content=\"summary_large_image\" \/>\n<meta name=\"twitter:label1\" content=\"Gesch\u00e4tzte Lesezeit\" \/>\n\t<meta name=\"twitter:data1\" content=\"10\u00a0Minuten\" \/>\n<script type=\"application\/ld+json\" class=\"yoast-schema-graph\">{\"@context\":\"https:\\\/\\\/schema.org\",\"@graph\":[{\"@type\":\"WebPage\",\"@id\":\"https:\\\/\\\/www.garniaiserrai.it\\\/de\\\/privacy-policy\\\/\",\"url\":\"https:\\\/\\\/www.garniaiserrai.it\\\/de\\\/privacy-policy\\\/\",\"name\":\"Privacy-Policy - Garn&igrave; ai Serrai\",\"isPartOf\":{\"@id\":\"https:\\\/\\\/www.garniaiserrai.it\\\/#website\"},\"datePublished\":\"2015-06-24T14:06:27+00:00\",\"dateModified\":\"2026-04-28T19:58:28+00:00\",\"breadcrumb\":{\"@id\":\"https:\\\/\\\/www.garniaiserrai.it\\\/de\\\/privacy-policy\\\/#breadcrumb\"},\"inLanguage\":\"de\",\"potentialAction\":[{\"@type\":\"ReadAction\",\"target\":[\"https:\\\/\\\/www.garniaiserrai.it\\\/de\\\/privacy-policy\\\/\"]}]},{\"@type\":\"BreadcrumbList\",\"@id\":\"https:\\\/\\\/www.garniaiserrai.it\\\/de\\\/privacy-policy\\\/#breadcrumb\",\"itemListElement\":[{\"@type\":\"ListItem\",\"position\":1,\"name\":\"Start\",\"item\":\"https:\\\/\\\/www.garniaiserrai.it\\\/\"},{\"@type\":\"ListItem\",\"position\":2,\"name\":\"Privacy-Policy\"}]},{\"@type\":\"WebSite\",\"@id\":\"https:\\\/\\\/www.garniaiserrai.it\\\/#website\",\"url\":\"https:\\\/\\\/www.garniaiserrai.it\\\/\",\"name\":\"Garn&igrave; ai Serrai\",\"description\":\"Hotel Garni Ai Serrai ***\",\"potentialAction\":[{\"@type\":\"SearchAction\",\"target\":{\"@type\":\"EntryPoint\",\"urlTemplate\":\"https:\\\/\\\/www.garniaiserrai.it\\\/?s={search_term_string}\"},\"query-input\":{\"@type\":\"PropertyValueSpecification\",\"valueRequired\":true,\"valueName\":\"search_term_string\"}}],\"inLanguage\":\"de\"}]}<\/script>\n<!-- \/ Yoast SEO plugin. -->","yoast_head_json":{"title":"Privacy-Policy - Garn&igrave; ai Serrai","robots":{"index":"index","follow":"follow","max-snippet":"max-snippet:-1","max-image-preview":"max-image-preview:large","max-video-preview":"max-video-preview:-1"},"canonical":"https:\/\/www.garniaiserrai.it\/de\/privacy-policy\/","og_locale":"de_DE","og_type":"article","og_title":"Privacy-Policy - Garn&igrave; ai Serrai","og_description":"Privacy Policy Sehr geehrter Kunde, Gem\u00e4\u00df der geltenden Gesetzgebung zum Schutz personenbezogener Daten (EU-Verordnung Nr. 679 von 2016) m\u00f6chten wir Sie dar\u00fcber informieren, dass die Verarbeitung Ihrer personenbezogenen Daten korrekt und transparent, f\u00fcr rechtm\u00e4\u00dfige Zwecke und zum Schutz Ihrer Privatsph\u00e4re und Ihrer Rechte erfolgt . 1.\u00a0\u00a0\u00a0\u00a0\u00a0\u00a0\u00a0Ihre Buchung von Beherbergungs- und Nebendienstleistungen zu erwerben und zu...","og_url":"https:\/\/www.garniaiserrai.it\/de\/privacy-policy\/","og_site_name":"Garn&igrave; ai Serrai","article_modified_time":"2026-04-28T19:58:28+00:00","twitter_card":"summary_large_image","twitter_misc":{"Gesch\u00e4tzte Lesezeit":"10\u00a0Minuten"},"schema":{"@context":"https:\/\/schema.org","@graph":[{"@type":"WebPage","@id":"https:\/\/www.garniaiserrai.it\/de\/privacy-policy\/","url":"https:\/\/www.garniaiserrai.it\/de\/privacy-policy\/","name":"Privacy-Policy - Garn&igrave; ai Serrai","isPartOf":{"@id":"https:\/\/www.garniaiserrai.it\/#website"},"datePublished":"2015-06-24T14:06:27+00:00","dateModified":"2026-04-28T19:58:28+00:00","breadcrumb":{"@id":"https:\/\/www.garniaiserrai.it\/de\/privacy-policy\/#breadcrumb"},"inLanguage":"de","potentialAction":[{"@type":"ReadAction","target":["https:\/\/www.garniaiserrai.it\/de\/privacy-policy\/"]}]},{"@type":"BreadcrumbList","@id":"https:\/\/www.garniaiserrai.it\/de\/privacy-policy\/#breadcrumb","itemListElement":[{"@type":"ListItem","position":1,"name":"Start","item":"https:\/\/www.garniaiserrai.it\/"},{"@type":"ListItem","position":2,"name":"Privacy-Policy"}]},{"@type":"WebSite","@id":"https:\/\/www.garniaiserrai.it\/#website","url":"https:\/\/www.garniaiserrai.it\/","name":"Garn&igrave; ai Serrai","description":"Hotel Garni Ai Serrai ***","potentialAction":[{"@type":"SearchAction","target":{"@type":"EntryPoint","urlTemplate":"https:\/\/www.garniaiserrai.it\/?s={search_term_string}"},"query-input":{"@type":"PropertyValueSpecification","valueRequired":true,"valueName":"search_term_string"}}],"inLanguage":"de"}]}},"_links":{"self":[{"href":"https:\/\/www.garniaiserrai.it\/de\/wp-json\/wp\/v2\/pages\/498","targetHints":{"allow":["GET"]}}],"collection":[{"href":"https:\/\/www.garniaiserrai.it\/de\/wp-json\/wp\/v2\/pages"}],"about":[{"href":"https:\/\/www.garniaiserrai.it\/de\/wp-json\/wp\/v2\/types\/page"}],"author":[{"embeddable":true,"href":"https:\/\/www.garniaiserrai.it\/de\/wp-json\/wp\/v2\/users\/6"}],"replies":[{"embeddable":true,"href":"https:\/\/www.garniaiserrai.it\/de\/wp-json\/wp\/v2\/comments?post=498"}],"version-history":[{"count":5,"href":"https:\/\/www.garniaiserrai.it\/de\/wp-json\/wp\/v2\/pages\/498\/revisions"}],"predecessor-version":[{"id":1701,"href":"https:\/\/www.garniaiserrai.it\/de\/wp-json\/wp\/v2\/pages\/498\/revisions\/1701"}],"wp:attachment":[{"href":"https:\/\/www.garniaiserrai.it\/de\/wp-json\/wp\/v2\/media?parent=498"}],"curies":[{"name":"wp","href":"https:\/\/api.w.org\/{rel}","templated":true}]}}