{"id":497,"date":"2015-06-08T13:47:49","date_gmt":"2015-06-08T13:47:49","guid":{"rendered":"http:\/\/www.garniaiserrai.it\/prezzi-2\/"},"modified":"2026-04-28T19:58:22","modified_gmt":"2026-04-28T19:58:22","slug":"preise","status":"publish","type":"page","link":"https:\/\/www.garniaiserrai.it\/de\/preise\/","title":{"rendered":"Preise"},"content":{"rendered":"<section class=\"l-section wpb_row height_auto width_full\"><div class=\"l-section-h i-cf\"><div class=\"g-cols vc_row via_grid cols_1 laptops-cols_inherit tablets-cols_inherit mobiles-cols_1 valign_top type_default stacking_default\"><div class=\"wpb_column vc_column_container\"><div class=\"vc_column-inner\">[rev_slider_vc alias=&#8220;slider2&#8243;]<\/div><\/div><\/div><\/div><\/section><section class=\"l-section wpb_row height_auto width_full color_primary with_img\"><div class=\"l-section-img\" role=\"img\" aria-label=\"Bild\" data-img-width=\"1824\" data-img-height=\"180\" style=\"background-image: url(https:\/\/www.garniaiserrai.it\/wp-content\/uploads\/2015\/06\/book2.jpg);\"><\/div><div class=\"l-section-h i-cf\"><div class=\"g-cols vc_row via_grid cols_1 laptops-cols_inherit tablets-cols_inherit mobiles-cols_1 valign_top type_default stacking_default\"><div class=\"wpb_column vc_column_container\"><div class=\"vc_column-inner\">[vc_raw_html]JTNDbGluayUyMHJlbCUzRCUyMnN0eWxlc2hlZXQlMjIlMjBocmVmJTNEJTIyaHR0cCUzQSUyRiUyRmNvZGUuanF1ZXJ5LmNvbSUyRnVpJTJGMS4xMS40JTJGdGhlbWVzJTJGc21vb3RobmVzcyUyRmpxdWVyeS11aS5jc3MlMjIlM0UlMEElM0NzY3JpcHQlMjBzcmMlM0QlMjJodHRwJTNBJTJGJTJGY29kZS5qcXVlcnkuY29tJTJGdWklMkYxLjExLjQlMkZqcXVlcnktdWkuanMlMjIlM0UlM0MlMkZzY3JpcHQlM0UlMEElMEElM0NzY3JpcHQlMjB0eXBlJTNEJTIydGV4dCUyRmphdmFzY3JpcHQlMjIlM0UlMEElMjBqUXVlcnklMjhmdW5jdGlvbiUyOCUyOSUyMCU3QiUwQSUyMCUwOWpRdWVyeSUyOCUyNy5kYXRlcGlja2VyJTI3JTI5LmRhdGVwaWNrZXIlMjglN0IlMjBkYXRlRm9ybWF0JTNBJTIwJTI3ZGQtbW0teXklMjclMjAlN0QlMjklM0IlMEElN0QlMjklM0IlMEElMEElM0MlMkZzY3JpcHQlM0UlMEElMEElM0Nmb3JtJTIwYWN0aW9uJTNEJTIyaHR0cHMlM0ElMkYlMkZ3d3cuZ2FybmlhaXNlcnJhaS5pdCUyMiUyMG1ldGhvZCUzRCUyMmdldCUyMiUyMGlkJTNEJTIyZm9ybTElMjIlMjBuYW1lJTNEJTIyZm9ybTElMjIlM0UlMEElM0NkaXYlMjBjbGFzcyUzRCUyMmctY29scyUyMG9mZnNldF9kZWZhdWx0JTIyJTIwc3R5bGUlM0QlMjJtYXJnaW4tbGVmdCUzQSUyMDBweCUyMCUyMWltcG9ydGFudCUzQnBhZGRpbmctdG9wJTNBMjBweCUzQiUyMiUzRSUwQSUwOSUwOSUwQSUwOSUwOSUzQ2RpdiUyMGNsYXNzJTNEJTIyb25lLXF1YXJ0ZXIlMjBhbmltYXRlX2FmbCUyMGFuaW1hdGVfc3RhcnQlMjIlM0UlMEElMDklMDklMDklM0NoMiUyMHN0eWxlJTNEJTIydGV4dC1hbGlnbiUzQWNlbnRlciUzQiUyMiUzRSUzQ2klMjBjbGFzcyUzRCUyMmZhJTIwZmEtY2FsZW5kYXIlMjIlM0UlM0MlMkZpJTNFJTIwU2NobmVsbGFuZnJhZ2UlMjAlM0MlMkZoMiUzRSUwQSUwOSUwOSUwOSUzQ2lucHV0JTIwdHlwZSUzRCUyMmhpZGRlbiUyMiUyMHZhbHVlJTNEJTIyNDklMjIlMjBpZCUzRCUyMnBhZ2VfaWQlMjIlMjBuYW1lJTNEJTIycGFnZV9pZCUyMiUzRSUwQSUwOSUwOSUzQyUyRmRpdiUzRSUwQSUwQSUwOSUwOSUzQ2RpdiUyMGNsYXNzJTNEJTIyb25lLXF1YXJ0ZXIlMjBhbmltYXRlX2FmbCUyMGFuaW1hdGVfc3RhcnQlMjIlM0UlMEElMDklMDklMDklM0NzcGFuJTNFJTBBJTA5JTA5JTA5JTA5JTBBJTA5JTA5JTA5JTA5JTNDaW5wdXQlMjBpZCUzRCUyMmQxJTIyJTIwbmFtZSUzRCUyMmQxJTIyJTIwdmFsdWUlM0QlMjIlMjIlMjBwbGFjZWhvbGRlciUzRCUyMkFiZmFocnQlMjIlMjB0eXBlJTNEJTIydGV4dCUyMiUyMGNsYXNzJTNEJTIyZGF0ZXBpY2tlciUyMiUzRSUwQSUwQSUwOSUwOSUwOSUzQyUyRnNwYW4lM0UlMEElMDklMDklM0MlMkZkaXYlM0UlMEElMDklMDklM0NkaXYlMjBjbGFzcyUzRCUyMm9uZS1xdWFydGVyJTIwJTIwYW5pbWF0ZV9hZmwlMjBhbmltYXRlX3N0YXJ0JTIyJTNFJTBBJTA5JTA5JTA5JTNDc3BhbiUzRSUwQSUwOSUwOSUwOSUwOSUzQ2lucHV0JTIwaWQlM0QlMjJkMiUyMiUyMG5hbWUlM0QlMjJkMiUyMiUyMHZhbHVlJTNEJTIyJTIyJTIwJTIwcGxhY2Vob2xkZXIlM0QlMjJBbmZhaHJ0JTIyJTIwdHlwZSUzRCUyMnRleHQlMjIlMjBjbGFzcyUzRCUyMmRhdGVwaWNrZXIlMjIlM0UlMEElMDklMDklMDklM0MlMkZzcGFuJTNFJTBBJTA5JTA5JTNDJTJGZGl2JTNFJTBBJTA5JTA5JTNDZGl2JTIwY2xhc3MlM0QlMjJvbmUtcXVhcnRlciUyMGFuaW1hdGVfYWZsJTIwYW5pbWF0ZV9zdGFydCUyMiUzRSUwQSUwOSUwOSUwOSUzQ2lucHV0JTIwdmFsdWUlM0QlMjJTZW5kZW4lMjIlMjB0eXBlJTNEJTIyc3VibWl0JTIyJTNFJTBBJTA5JTA5JTA5JTBBJTA5JTA5JTNDJTJGZGl2JTNFJTBBJTNDJTJGZGl2JTNFJTBBJTNDJTJGZm9ybSUzRQ==[\/vc_raw_html]<\/div><\/div><\/div><\/div><\/section><section class=\"l-section wpb_row height_medium\"><div class=\"l-section-h i-cf\"><div class=\"g-cols vc_row via_grid cols_1 laptops-cols_inherit tablets-cols_inherit mobiles-cols_1 valign_top type_default stacking_default\"><div class=\"wpb_column vc_column_container\"><div class=\"vc_column-inner\"><div class=\"wpb_text_column\"><div class=\"wpb_wrapper\"><h2>WINTER 2024\/25<\/h2>\n<p><strong>Die Preise sind pro Person,\u00a0 im Doppelzimmer, mit Fr\u00fchst\u00fcck.<br \/>\n<\/strong><\/p>\n<p>Die Kurtax ist nicht inbegriffen: \u20ac 2.00 pro Person, pro Tag. Die Kinder bis 13 Jahren sind von der Steuer angenommen.<\/p>\n<h2 id=\"tablepress-14-name\" class=\"tablepress-table-name tablepress-table-name-id-14\">WINTER 2024\/25<\/h2>\n\n<table id=\"tablepress-14\" class=\"tablepress tablepress-id-14\" aria-labelledby=\"tablepress-14-name\">\n<thead>\n<tr class=\"row-1\">\n\t<th class=\"column-1\">        <br \/>\n                 PERIODO<\/th><th class=\"column-2\">        per person, per day,<br \/>\n          in double room<\/th><th class=\"column-3\">   white week, per person, <br \/>\n         in doubleroom<\/th>\n<\/tr>\n<\/thead>\n<tbody class=\"row-striping row-hover\">\n<tr class=\"row-2\">\n\t<td class=\"column-1\">                DICEMBRE<br \/>\n                23 - 26\/12<br \/>\n                26 - 31\/12<br \/>\n     <\/td><td class=\"column-2\">             <br \/>\n                  \u20ac 48.00<br \/>\n                  \u20ac 53.00<\/td><td class=\"column-3\"><\/td>\n<\/tr>\n<tr class=\"row-3\">\n\t<td class=\"column-1\">         <br \/>\n                 GENNAIO<br \/>\n                 01 - 06\/01<br \/>\n                 06 - 02\/02<br \/>\n<br \/>\n                 <\/td><td class=\"column-2\">                 <br \/>\n        <br \/>\n                  \u20ac 53.00<br \/>\n                  \u20ac 48.00<\/td><td class=\"column-3\">   <br \/>\n      <br \/>\n           <br \/>\n               \u20ac 315.00<\/td>\n<\/tr>\n<tr class=\"row-4\">\n\t<td class=\"column-1\">                 FEBBRAIO<br \/>\n                 02 - 28\/02<\/td><td class=\"column-2\">                  <br \/>\n                   \u20ac 53.00<br \/>\n                   <\/td><td class=\"column-3\">    <br \/>\n                \u20ac 355.00<\/td>\n<\/tr>\n<tr class=\"row-5\">\n\t<td class=\"column-1\">                   MARZO<br \/>\n                 01 - 16\/03<br \/>\n                 16 - 31\/03<\/td><td class=\"column-2\">                    <br \/>\n                   \u20ac 53.00<br \/>\n                   \u20ac 48.00<\/td><td class=\"column-3\">     <br \/>\n                \u20ac 355.00<br \/>\n                \u20ac 315.00<\/td>\n<\/tr>\n<\/tbody>\n<\/table>\n<!-- #tablepress-14 from cache -->\n<p>Erm\u00e4\u00dfigung 3. Bett: Kinder bis 12 Jahren: 20%\u00a0\u00a0\u00a0 Erwachsene: 10%<br \/>\nZuschlag Einzelzimmer: \u20ac 15.00 pro Tag<\/p>\n<p><strong>ANKUNFT UND ABREISE<\/strong><br \/>\nAnkunft : die Zimmer sind ab 15.00 Uhr verf\u00fcgbar.<br \/>\nIm Fall von einer Ankunft nach 20.00 Uhr bitten informieren Sie uns.<br \/>\nAbreise: die Zimmer m\u00fcssen vor 10.00 Uhr verlassen werden.<\/p>\n<p><strong>BESTAETIGUNG UND RESERVIERUNGSBEDINGUNGEN<\/strong><br \/>\nUm die Reservierung zu bestaetigen man musste eine Anzahlung\u00a0 auf unsere Konto zu \u00fcberweisen.<br \/>\nDie Buchungen k\u00f6nnen nur schriftlich storniert werden.\u00a0 Falls Sie\u00a0 Ihren Aufenthalt nachtr\u00e4glich beginnen oder vorzeitig beenden, werden Sie den gesamten etablierten Preis f\u00fcr den Aufenthalt bezahlen.<br \/>\nUnsere Bankverbiendung:<\/p>\n<p><b>NS NOME<\/b>: De Cassan\u00a0 Mario e De Biasio Romana snc,<u><\/u><u><\/u><\/p>\n<p><b>NOME BANCA:\u00a0<\/b>Cassa rurale ed artigiana delle dolomiti e di cortina d&#8216; Ampezzo filiale di rocca Pietore<u><\/u><u><\/u><\/p>\n<p><span lang=\"EN-US\"><b>EU IBAN<\/b>:\u00a0\u00a0 IT\u00a0 69 T085\u00a0 1161 3600\u00a0 0000\u00a0 0019267<u><\/u><u><\/u><\/span><\/p>\n<p><span lang=\"EN-US\"><b>COD. BIC<\/b>: CCRTIT 2T 95A<\/span><\/p>\n<p><strong>ZAHLUNG<br \/>\n<\/strong>Die G\u00e4ste k\u00f6nnen mit Bargeld oder mit Kreditkarte zahlen. Scheckzahlung ist nicht m\u00f6glich<strong>. <\/strong><br \/>\n<strong>TIERE<\/strong><br \/>\nEs tut uns leid aber sind keine Haustiere aufgenommen.<br \/>\nRaucher und Nichtraucher<br \/>\nIn unserem Garn\u00ec und auch in den Zimmern\u00a0 ist das Rauchen verboten.<\/p>\n<\/div><\/div><\/div><\/div><\/div><\/div><\/section><section class=\"l-section wpb_row height_medium\"><div class=\"l-section-h i-cf\"><div class=\"g-cols vc_row via_grid cols_1 laptops-cols_inherit tablets-cols_inherit mobiles-cols_1 valign_top type_default stacking_default\"><div class=\"wpb_column vc_column_container\"><div class=\"vc_column-inner\"><div class=\"wpb_text_column\"><div class=\"wpb_wrapper\"><div id=\"gtx-trans\" style=\"position: absolute; left: -31px; top: 551px;\"><\/div>\n<\/div><\/div><\/div><\/div><\/div><\/div><\/section>\n","protected":false},"excerpt":{"rendered":"[rev_slider_vc alias=\"slider2\"][vc_raw_html]JTNDbGluayUyMHJlbCUzRCUyMnN0eWxlc2hlZXQlMjIlMjBocmVmJTNEJTIyaHR0cCUzQSUyRiUyRmNvZGUuanF1ZXJ5LmNvbSUyRnVpJTJGMS4xMS40JTJGdGhlbWVzJTJGc21vb3RobmVzcyUyRmpxdWVyeS11aS5jc3MlMjIlM0UlMEElM0NzY3JpcHQlMjBzcmMlM0QlMjJodHRwJTNBJTJGJTJGY29kZS5qcXVlcnkuY29tJTJGdWklMkYxLjExLjQlMkZqcXVlcnktdWkuanMlMjIlM0UlM0MlMkZzY3JpcHQlM0UlMEElMEElM0NzY3JpcHQlMjB0eXBlJTNEJTIydGV4dCUyRmphdmFzY3JpcHQlMjIlM0UlMEElMjBqUXVlcnklMjhmdW5jdGlvbiUyOCUyOSUyMCU3QiUwQSUyMCUwOWpRdWVyeSUyOCUyNy5kYXRlcGlja2VyJTI3JTI5LmRhdGVwaWNrZXIlMjglN0IlMjBkYXRlRm9ybWF0JTNBJTIwJTI3ZGQtbW0teXklMjclMjAlN0QlMjklM0IlMEElN0QlMjklM0IlMEElMEElM0MlMkZzY3JpcHQlM0UlMEElMEElM0Nmb3JtJTIwYWN0aW9uJTNEJTIyaHR0cHMlM0ElMkYlMkZ3d3cuZ2FybmlhaXNlcnJhaS5pdCUyMiUyMG1ldGhvZCUzRCUyMmdldCUyMiUyMGlkJTNEJTIyZm9ybTElMjIlMjBuYW1lJTNEJTIyZm9ybTElMjIlM0UlMEElM0NkaXYlMjBjbGFzcyUzRCUyMmctY29scyUyMG9mZnNldF9kZWZhdWx0JTIyJTIwc3R5bGUlM0QlMjJtYXJnaW4tbGVmdCUzQSUyMDBweCUyMCUyMWltcG9ydGFudCUzQnBhZGRpbmctdG9wJTNBMjBweCUzQiUyMiUzRSUwQSUwOSUwOSUwQSUwOSUwOSUzQ2RpdiUyMGNsYXNzJTNEJTIyb25lLXF1YXJ0ZXIlMjBhbmltYXRlX2FmbCUyMGFuaW1hdGVfc3RhcnQlMjIlM0UlMEElMDklMDklMDklM0NoMiUyMHN0eWxlJTNEJTIydGV4dC1hbGlnbiUzQWNlbnRlciUzQiUyMiUzRSUzQ2klMjBjbGFzcyUzRCUyMmZhJTIwZmEtY2FsZW5kYXIlMjIlM0UlM0MlMkZpJTNFJTIwU2NobmVsbGFuZnJhZ2UlMjAlM0MlMkZoMiUzRSUwQSUwOSUwOSUwOSUzQ2lucHV0JTIwdHlwZSUzRCUyMmhpZGRlbiUyMiUyMHZhbHVlJTNEJTIyNDklMjIlMjBpZCUzRCUyMnBhZ2VfaWQlMjIlMjBuYW1lJTNEJTIycGFnZV9pZCUyMiUzRSUwQSUwOSUwOSUzQyUyRmRpdiUzRSUwQSUwQSUwOSUwOSUzQ2RpdiUyMGNsYXNzJTNEJTIyb25lLXF1YXJ0ZXIlMjBhbmltYXRlX2FmbCUyMGFuaW1hdGVfc3RhcnQlMjIlM0UlMEElMDklMDklMDklM0NzcGFuJTNFJTBBJTA5JTA5JTA5JTA5JTBBJTA5JTA5JTA5JTA5JTNDaW5wdXQlMjBpZCUzRCUyMmQxJTIyJTIwbmFtZSUzRCUyMmQxJTIyJTIwdmFsdWUlM0QlMjIlMjIlMjBwbGFjZWhvbGRlciUzRCUyMkFiZmFocnQlMjIlMjB0eXBlJTNEJTIydGV4dCUyMiUyMGNsYXNzJTNEJTIyZGF0ZXBpY2tlciUyMiUzRSUwQSUwQSUwOSUwOSUwOSUzQyUyRnNwYW4lM0UlMEElMDklMDklM0MlMkZkaXYlM0UlMEElMDklMDklM0NkaXYlMjBjbGFzcyUzRCUyMm9uZS1xdWFydGVyJTIwJTIwYW5pbWF0ZV9hZmwlMjBhbmltYXRlX3N0YXJ0JTIyJTNFJTBBJTA5JTA5JTA5JTNDc3BhbiUzRSUwQSUwOSUwOSUwOSUwOSUzQ2lucHV0JTIwaWQlM0QlMjJkMiUyMiUyMG5hbWUlM0QlMjJkMiUyMiUyMHZhbHVlJTNEJTIyJTIyJTIwJTIwcGxhY2Vob2xkZXIlM0QlMjJBbmZhaHJ0JTIyJTIwdHlwZSUzRCUyMnRleHQlMjIlMjBjbGFzcyUzRCUyMmRhdGVwaWNrZXIlMjIlM0UlMEElMDklMDklMDklM0MlMkZzcGFuJTNFJTBBJTA5JTA5JTNDJTJGZGl2JTNFJTBBJTA5JTA5JTNDZGl2JTIwY2xhc3MlM0QlMjJvbmUtcXVhcnRlciUyMGFuaW1hdGVfYWZsJTIwYW5pbWF0ZV9zdGFydCUyMiUzRSUwQSUwOSUwOSUwOSUzQ2lucHV0JTIwdmFsdWUlM0QlMjJTZW5kZW4lMjIlMjB0eXBlJTNEJTIyc3VibWl0JTIyJTNFJTBBJTA5JTA5JTA5JTBBJTA5JTA5JTNDJTJGZGl2JTNFJTBBJTNDJTJGZGl2JTNFJTBBJTNDJTJGZm9ybSUzRQ==[\/vc_raw_html]WINTER 2024\/25 Die Preise sind pro Person,\u00a0 im Doppelzimmer, mit Fr\u00fchst\u00fcck. Die Kurtax ist nicht inbegriffen: \u20ac 2.00 pro Person, pro Tag. Die Kinder bis 13 Jahren sind von der Steuer angenommen. WINTER 2024\/25 PERIODO per person, per day, in double room white week, per person, in doubleroom DICEMBRE 23 - 26\/12 26 -...","protected":false},"author":6,"featured_media":0,"parent":0,"menu_order":0,"comment_status":"closed","ping_status":"open","template":"","meta":{"footnotes":""},"class_list":["post-497","page","type-page","status-publish","hentry"],"yoast_head":"<!-- This site is optimized with the Yoast SEO plugin v27.6 - https:\/\/yoast.com\/product\/yoast-seo-wordpress\/ -->\n<title>Preise - Garn&igrave; ai Serrai<\/title>\n<meta name=\"robots\" content=\"index, follow, max-snippet:-1, max-image-preview:large, max-video-preview:-1\" \/>\n<link rel=\"canonical\" href=\"https:\/\/www.garniaiserrai.it\/de\/preise\/\" \/>\n<meta property=\"og:locale\" content=\"de_DE\" \/>\n<meta property=\"og:type\" content=\"article\" \/>\n<meta property=\"og:title\" content=\"Preise - Garn&igrave; ai Serrai\" \/>\n<meta property=\"og:url\" content=\"https:\/\/www.garniaiserrai.it\/de\/preise\/\" \/>\n<meta property=\"og:site_name\" content=\"Garn&igrave; ai Serrai\" \/>\n<meta property=\"article:modified_time\" content=\"2026-04-28T19:58:22+00:00\" \/>\n<meta name=\"twitter:card\" content=\"summary_large_image\" \/>\n<meta name=\"twitter:label1\" content=\"Gesch\u00e4tzte Lesezeit\" \/>\n\t<meta name=\"twitter:data1\" content=\"2\u00a0Minuten\" \/>\n<script type=\"application\/ld+json\" class=\"yoast-schema-graph\">{\"@context\":\"https:\\\/\\\/schema.org\",\"@graph\":[{\"@type\":\"WebPage\",\"@id\":\"https:\\\/\\\/www.garniaiserrai.it\\\/de\\\/preise\\\/\",\"url\":\"https:\\\/\\\/www.garniaiserrai.it\\\/de\\\/preise\\\/\",\"name\":\"Preise - Garn&igrave; ai Serrai\",\"isPartOf\":{\"@id\":\"https:\\\/\\\/www.garniaiserrai.it\\\/#website\"},\"datePublished\":\"2015-06-08T13:47:49+00:00\",\"dateModified\":\"2026-04-28T19:58:22+00:00\",\"breadcrumb\":{\"@id\":\"https:\\\/\\\/www.garniaiserrai.it\\\/de\\\/preise\\\/#breadcrumb\"},\"inLanguage\":\"de\",\"potentialAction\":[{\"@type\":\"ReadAction\",\"target\":[\"https:\\\/\\\/www.garniaiserrai.it\\\/de\\\/preise\\\/\"]}]},{\"@type\":\"BreadcrumbList\",\"@id\":\"https:\\\/\\\/www.garniaiserrai.it\\\/de\\\/preise\\\/#breadcrumb\",\"itemListElement\":[{\"@type\":\"ListItem\",\"position\":1,\"name\":\"Start\",\"item\":\"https:\\\/\\\/www.garniaiserrai.it\\\/\"},{\"@type\":\"ListItem\",\"position\":2,\"name\":\"Preise\"}]},{\"@type\":\"WebSite\",\"@id\":\"https:\\\/\\\/www.garniaiserrai.it\\\/#website\",\"url\":\"https:\\\/\\\/www.garniaiserrai.it\\\/\",\"name\":\"Garn&igrave; ai Serrai\",\"description\":\"Hotel Garni Ai Serrai ***\",\"potentialAction\":[{\"@type\":\"SearchAction\",\"target\":{\"@type\":\"EntryPoint\",\"urlTemplate\":\"https:\\\/\\\/www.garniaiserrai.it\\\/?s={search_term_string}\"},\"query-input\":{\"@type\":\"PropertyValueSpecification\",\"valueRequired\":true,\"valueName\":\"search_term_string\"}}],\"inLanguage\":\"de\"}]}<\/script>\n<!-- \/ Yoast SEO plugin. -->","yoast_head_json":{"title":"Preise - Garn&igrave; ai Serrai","robots":{"index":"index","follow":"follow","max-snippet":"max-snippet:-1","max-image-preview":"max-image-preview:large","max-video-preview":"max-video-preview:-1"},"canonical":"https:\/\/www.garniaiserrai.it\/de\/preise\/","og_locale":"de_DE","og_type":"article","og_title":"Preise - Garn&igrave; ai Serrai","og_url":"https:\/\/www.garniaiserrai.it\/de\/preise\/","og_site_name":"Garn&igrave; ai Serrai","article_modified_time":"2026-04-28T19:58:22+00:00","twitter_card":"summary_large_image","twitter_misc":{"Gesch\u00e4tzte Lesezeit":"2\u00a0Minuten"},"schema":{"@context":"https:\/\/schema.org","@graph":[{"@type":"WebPage","@id":"https:\/\/www.garniaiserrai.it\/de\/preise\/","url":"https:\/\/www.garniaiserrai.it\/de\/preise\/","name":"Preise - Garn&igrave; ai Serrai","isPartOf":{"@id":"https:\/\/www.garniaiserrai.it\/#website"},"datePublished":"2015-06-08T13:47:49+00:00","dateModified":"2026-04-28T19:58:22+00:00","breadcrumb":{"@id":"https:\/\/www.garniaiserrai.it\/de\/preise\/#breadcrumb"},"inLanguage":"de","potentialAction":[{"@type":"ReadAction","target":["https:\/\/www.garniaiserrai.it\/de\/preise\/"]}]},{"@type":"BreadcrumbList","@id":"https:\/\/www.garniaiserrai.it\/de\/preise\/#breadcrumb","itemListElement":[{"@type":"ListItem","position":1,"name":"Start","item":"https:\/\/www.garniaiserrai.it\/"},{"@type":"ListItem","position":2,"name":"Preise"}]},{"@type":"WebSite","@id":"https:\/\/www.garniaiserrai.it\/#website","url":"https:\/\/www.garniaiserrai.it\/","name":"Garn&igrave; ai Serrai","description":"Hotel Garni Ai Serrai ***","potentialAction":[{"@type":"SearchAction","target":{"@type":"EntryPoint","urlTemplate":"https:\/\/www.garniaiserrai.it\/?s={search_term_string}"},"query-input":{"@type":"PropertyValueSpecification","valueRequired":true,"valueName":"search_term_string"}}],"inLanguage":"de"}]}},"_links":{"self":[{"href":"https:\/\/www.garniaiserrai.it\/de\/wp-json\/wp\/v2\/pages\/497","targetHints":{"allow":["GET"]}}],"collection":[{"href":"https:\/\/www.garniaiserrai.it\/de\/wp-json\/wp\/v2\/pages"}],"about":[{"href":"https:\/\/www.garniaiserrai.it\/de\/wp-json\/wp\/v2\/types\/page"}],"author":[{"embeddable":true,"href":"https:\/\/www.garniaiserrai.it\/de\/wp-json\/wp\/v2\/users\/6"}],"replies":[{"embeddable":true,"href":"https:\/\/www.garniaiserrai.it\/de\/wp-json\/wp\/v2\/comments?post=497"}],"version-history":[{"count":40,"href":"https:\/\/www.garniaiserrai.it\/de\/wp-json\/wp\/v2\/pages\/497\/revisions"}],"predecessor-version":[{"id":1689,"href":"https:\/\/www.garniaiserrai.it\/de\/wp-json\/wp\/v2\/pages\/497\/revisions\/1689"}],"wp:attachment":[{"href":"https:\/\/www.garniaiserrai.it\/de\/wp-json\/wp\/v2\/media?parent=497"}],"curies":[{"name":"wp","href":"https:\/\/api.w.org\/{rel}","templated":true}]}}