{"id":493,"date":"2015-06-22T15:25:35","date_gmt":"2015-06-22T15:25:35","guid":{"rendered":"http:\/\/www.garniaiserrai.it\/la-marmolada-2\/"},"modified":"2026-04-28T19:57:36","modified_gmt":"2026-04-28T19:57:36","slug":"die-marmolada","status":"publish","type":"page","link":"https:\/\/www.garniaiserrai.it\/de\/die-marmolada\/","title":{"rendered":"Die Marmolada"},"content":{"rendered":"<section class=\"l-section wpb_row height_auto width_full\"><div class=\"l-section-h i-cf\"><div class=\"g-cols vc_row via_grid cols_1 laptops-cols_inherit tablets-cols_inherit mobiles-cols_1 valign_top type_default stacking_default\"><div class=\"wpb_column vc_column_container\"><div class=\"vc_column-inner\">[rev_slider_vc alias=&#8220;slider18&#8243;]<\/div><\/div><\/div><\/div><\/section><section class=\"l-section wpb_row height_medium\"><div class=\"l-section-h i-cf\"><div class=\"g-cols vc_row via_grid cols_1 laptops-cols_inherit tablets-cols_inherit mobiles-cols_1 valign_top type_default stacking_default\"><div class=\"wpb_column vc_column_container\"><div class=\"vc_column-inner\"><div class=\"wpb_text_column\"><div class=\"wpb_wrapper\"><h2>MARMOLADA, &#8222;K\u00d6NIGIN DER DOLOMITEN&#8220;<\/h2>\n<p>Mit einer modernen Seilbahn, unterteilt in drei Streckenabschnitte, die von <strong>Malga Ciapela<\/strong> (1450mt) abf\u00e4hrt, k\u00f6nnen Sie auf die Spitze der <strong>Punta Rocca<\/strong> (3265 m) gegen\u00fcber der Punta Penia (3.342 m) gelangen, dem h\u00f6chsten Gipfel in den Dolomiten. Auf der Punta Rocca erwartet Sie eine neue Panoramaterrasse, die f\u00fcr alle zug\u00e4nglich ist und einen 360\u00b06Panoramablick auf die Berge rund um die K\u00f6nigin der Dolomiten gew\u00e4hrt; man kann auch in der H\u00f6hlen-Kapelle der Heiligen Maria f\u00fcr ein kleines Gebet verweilen. Die Kapelle wurde von Papst Johannes Paul II geweiht.<\/p>\n<p>In <strong>Punta Serauta<\/strong> wurde ein wichtiger monumentaler Bereich geschaffen, der an die Soldaten, die im Ersten Weltkrieg auf der Marmolada gek\u00e4mpft haben, erinnert und sie ehrt. Das Museum wurde erweitert und renoviert und im Sommer 2015 wird es in neuer Gestalt wieder er\u00f6ffnet werden. In den Sommermonaten kann man die H\u00f6hlen, Gr\u00e4ben und Laufgr\u00e4ben besichtigen, die damals von den italienischen Soldaten in Punta Serauta gegraben wurden.<\/p>\n<p>Die Marmolada bietet auf der S\u00fcdseite die majest\u00e4tische S\u00fcdwand, Ziel der gewagtesten Kletterer, w\u00e4hrend man auf der Nordseite den gr\u00f6\u00dften Gletscher der Dolomiten bewundern kann, der sich in dem darunter liegenden Fedaia See widerspiegelt.<\/p>\n<p>&nbsp;<\/p>\n<p>&nbsp;<\/p>\n<p><iframe loading=\"lazy\" src=\"https:\/\/www.youtube.com\/embed\/9aJKHPIJmuQ?rel=0\" width=\"100%\" height=\"400\" frameborder=\"0\" allowfullscreen=\"allowfullscreen\"><\/iframe><\/p>\n<\/div><\/div><\/div><\/div><\/div><\/div><\/section>\n","protected":false},"excerpt":{"rendered":"[rev_slider_vc alias=\"slider18\"]MARMOLADA, &#8222;K\u00d6NIGIN DER DOLOMITEN&#8220; Mit einer modernen Seilbahn, unterteilt in drei Streckenabschnitte, die von Malga Ciapela (1450mt) abf\u00e4hrt, k\u00f6nnen Sie auf die Spitze der Punta Rocca (3265 m) gegen\u00fcber der Punta Penia (3.342 m) gelangen, dem h\u00f6chsten Gipfel in den Dolomiten. Auf der Punta Rocca erwartet Sie eine neue Panoramaterrasse, die f\u00fcr alle zug\u00e4nglich...","protected":false},"author":6,"featured_media":0,"parent":0,"menu_order":0,"comment_status":"closed","ping_status":"open","template":"","meta":{"footnotes":""},"class_list":["post-493","page","type-page","status-publish","hentry"],"yoast_head":"<!-- This site is optimized with the Yoast SEO plugin v27.5 - https:\/\/yoast.com\/product\/yoast-seo-wordpress\/ -->\n<title>Die Marmolada - Garn&igrave; ai Serrai<\/title>\n<meta name=\"robots\" content=\"index, follow, max-snippet:-1, max-image-preview:large, max-video-preview:-1\" \/>\n<link rel=\"canonical\" href=\"https:\/\/www.garniaiserrai.it\/de\/die-marmolada\/\" \/>\n<meta property=\"og:locale\" content=\"de_DE\" \/>\n<meta property=\"og:type\" content=\"article\" \/>\n<meta property=\"og:title\" content=\"Die Marmolada - Garn&igrave; ai Serrai\" \/>\n<meta property=\"og:url\" content=\"https:\/\/www.garniaiserrai.it\/de\/die-marmolada\/\" \/>\n<meta property=\"og:site_name\" content=\"Garn&igrave; ai Serrai\" \/>\n<meta property=\"article:modified_time\" content=\"2026-04-28T19:57:36+00:00\" \/>\n<meta name=\"twitter:card\" content=\"summary_large_image\" \/>\n<meta name=\"twitter:label1\" content=\"Gesch\u00e4tzte Lesezeit\" \/>\n\t<meta name=\"twitter:data1\" content=\"2\u00a0Minuten\" \/>\n<script type=\"application\/ld+json\" class=\"yoast-schema-graph\">{\"@context\":\"https:\\\/\\\/schema.org\",\"@graph\":[{\"@type\":\"WebPage\",\"@id\":\"https:\\\/\\\/www.garniaiserrai.it\\\/de\\\/die-marmolada\\\/\",\"url\":\"https:\\\/\\\/www.garniaiserrai.it\\\/de\\\/die-marmolada\\\/\",\"name\":\"Die Marmolada - Garn&igrave; ai Serrai\",\"isPartOf\":{\"@id\":\"https:\\\/\\\/www.garniaiserrai.it\\\/#website\"},\"datePublished\":\"2015-06-22T15:25:35+00:00\",\"dateModified\":\"2026-04-28T19:57:36+00:00\",\"breadcrumb\":{\"@id\":\"https:\\\/\\\/www.garniaiserrai.it\\\/de\\\/die-marmolada\\\/#breadcrumb\"},\"inLanguage\":\"de\",\"potentialAction\":[{\"@type\":\"ReadAction\",\"target\":[\"https:\\\/\\\/www.garniaiserrai.it\\\/de\\\/die-marmolada\\\/\"]}]},{\"@type\":\"BreadcrumbList\",\"@id\":\"https:\\\/\\\/www.garniaiserrai.it\\\/de\\\/die-marmolada\\\/#breadcrumb\",\"itemListElement\":[{\"@type\":\"ListItem\",\"position\":1,\"name\":\"Start\",\"item\":\"https:\\\/\\\/www.garniaiserrai.it\\\/\"},{\"@type\":\"ListItem\",\"position\":2,\"name\":\"Die Marmolada\"}]},{\"@type\":\"WebSite\",\"@id\":\"https:\\\/\\\/www.garniaiserrai.it\\\/#website\",\"url\":\"https:\\\/\\\/www.garniaiserrai.it\\\/\",\"name\":\"Garn&igrave; ai Serrai\",\"description\":\"Hotel Garni Ai Serrai ***\",\"potentialAction\":[{\"@type\":\"SearchAction\",\"target\":{\"@type\":\"EntryPoint\",\"urlTemplate\":\"https:\\\/\\\/www.garniaiserrai.it\\\/?s={search_term_string}\"},\"query-input\":{\"@type\":\"PropertyValueSpecification\",\"valueRequired\":true,\"valueName\":\"search_term_string\"}}],\"inLanguage\":\"de\"}]}<\/script>\n<!-- \/ Yoast SEO plugin. -->","yoast_head_json":{"title":"Die Marmolada - Garn&igrave; ai Serrai","robots":{"index":"index","follow":"follow","max-snippet":"max-snippet:-1","max-image-preview":"max-image-preview:large","max-video-preview":"max-video-preview:-1"},"canonical":"https:\/\/www.garniaiserrai.it\/de\/die-marmolada\/","og_locale":"de_DE","og_type":"article","og_title":"Die Marmolada - Garn&igrave; ai Serrai","og_url":"https:\/\/www.garniaiserrai.it\/de\/die-marmolada\/","og_site_name":"Garn&igrave; ai Serrai","article_modified_time":"2026-04-28T19:57:36+00:00","twitter_card":"summary_large_image","twitter_misc":{"Gesch\u00e4tzte Lesezeit":"2\u00a0Minuten"},"schema":{"@context":"https:\/\/schema.org","@graph":[{"@type":"WebPage","@id":"https:\/\/www.garniaiserrai.it\/de\/die-marmolada\/","url":"https:\/\/www.garniaiserrai.it\/de\/die-marmolada\/","name":"Die Marmolada - Garn&igrave; ai Serrai","isPartOf":{"@id":"https:\/\/www.garniaiserrai.it\/#website"},"datePublished":"2015-06-22T15:25:35+00:00","dateModified":"2026-04-28T19:57:36+00:00","breadcrumb":{"@id":"https:\/\/www.garniaiserrai.it\/de\/die-marmolada\/#breadcrumb"},"inLanguage":"de","potentialAction":[{"@type":"ReadAction","target":["https:\/\/www.garniaiserrai.it\/de\/die-marmolada\/"]}]},{"@type":"BreadcrumbList","@id":"https:\/\/www.garniaiserrai.it\/de\/die-marmolada\/#breadcrumb","itemListElement":[{"@type":"ListItem","position":1,"name":"Start","item":"https:\/\/www.garniaiserrai.it\/"},{"@type":"ListItem","position":2,"name":"Die Marmolada"}]},{"@type":"WebSite","@id":"https:\/\/www.garniaiserrai.it\/#website","url":"https:\/\/www.garniaiserrai.it\/","name":"Garn&igrave; ai Serrai","description":"Hotel Garni Ai Serrai ***","potentialAction":[{"@type":"SearchAction","target":{"@type":"EntryPoint","urlTemplate":"https:\/\/www.garniaiserrai.it\/?s={search_term_string}"},"query-input":{"@type":"PropertyValueSpecification","valueRequired":true,"valueName":"search_term_string"}}],"inLanguage":"de"}]}},"_links":{"self":[{"href":"https:\/\/www.garniaiserrai.it\/de\/wp-json\/wp\/v2\/pages\/493","targetHints":{"allow":["GET"]}}],"collection":[{"href":"https:\/\/www.garniaiserrai.it\/de\/wp-json\/wp\/v2\/pages"}],"about":[{"href":"https:\/\/www.garniaiserrai.it\/de\/wp-json\/wp\/v2\/types\/page"}],"author":[{"embeddable":true,"href":"https:\/\/www.garniaiserrai.it\/de\/wp-json\/wp\/v2\/users\/6"}],"replies":[{"embeddable":true,"href":"https:\/\/www.garniaiserrai.it\/de\/wp-json\/wp\/v2\/comments?post=493"}],"version-history":[{"count":4,"href":"https:\/\/www.garniaiserrai.it\/de\/wp-json\/wp\/v2\/pages\/493\/revisions"}],"predecessor-version":[{"id":1498,"href":"https:\/\/www.garniaiserrai.it\/de\/wp-json\/wp\/v2\/pages\/493\/revisions\/1498"}],"wp:attachment":[{"href":"https:\/\/www.garniaiserrai.it\/de\/wp-json\/wp\/v2\/media?parent=493"}],"curies":[{"name":"wp","href":"https:\/\/api.w.org\/{rel}","templated":true}]}}