{"id":492,"date":"2015-06-08T13:43:34","date_gmt":"2015-06-08T13:43:34","guid":{"rendered":"http:\/\/www.garniaiserrai.it\/inverno-2\/"},"modified":"2026-04-28T19:59:05","modified_gmt":"2026-04-28T19:59:05","slug":"winter-marmolada","status":"publish","type":"page","link":"https:\/\/www.garniaiserrai.it\/de\/winter-marmolada\/","title":{"rendered":"Winter"},"content":{"rendered":"<section class=\"l-section wpb_row height_auto width_full\"><div class=\"l-section-h i-cf\"><div class=\"g-cols vc_row via_grid cols_1 laptops-cols_inherit tablets-cols_inherit mobiles-cols_1 valign_top type_default stacking_default\"><div class=\"wpb_column vc_column_container\"><div class=\"vc_column-inner\">[rev_slider_vc alias=&#8220;slider20&#8243;]<\/div><\/div><\/div><\/div><\/section><section class=\"l-section wpb_row height_medium\"><div class=\"l-section-h i-cf\"><div class=\"g-cols vc_row via_grid cols_1 laptops-cols_inherit tablets-cols_inherit mobiles-cols_1 valign_top type_default stacking_default\"><div class=\"wpb_column vc_column_container\"><div class=\"vc_column-inner\"><div class=\"wpb_text_column\"><div class=\"wpb_wrapper\"><h2>VAL PETTORINA PARADISE SKILAUFEN UN MEHR &#8230;<\/h2>\n<p>In Malga Ciapela ist die Abfahrtsstelle der Marmolada-Seilbahn und der Aufstiegsanlagen des Padon-Bereichs, die mit Arabba und dem Dolomiti- Superski verbinden. Auch Langlauf auf einer in den verschneiten und stillen Wald f\u00fchrenden Spur in m\u00e4rchenhafter Umgebung wartet auf Sie. Es gibt viele Routen f\u00fcr die Anh\u00e4nger von Ski- und- Schneeschuhwandern, um die Berge auf eine andere Weise und ihre wilde Natur zu erleben. Am Ende des Tages, bei Rim Ende den den Pisten von Malga Ciapela, kpnnen Sie \u00fcber die Serrai von Sottoguda das Hotel auf Skiern erreichen. An dieser Schlucht k uf Skierninnehalten und die Ice-Climbers bestaunen, die die faszinierenden Eisf\u00e4lle beklettern.<\/p>\n<p><strong>F\u00dcR UNSERE KUNDEN<\/strong><\/p>\n<ul>\n<li><\/li>\n<\/ul>\n<p><iframe loading=\"lazy\" src=\"https:\/\/www.youtube.com\/embed\/RLmImm9aTSc?rel=0\" width=\"100%\" height=\"499\" frameborder=\"0\" allowfullscreen=\"allowfullscreen\"><\/iframe><\/p>\n<\/div><\/div><\/div><\/div><\/div><\/div><\/section>\n","protected":false},"excerpt":{"rendered":"[rev_slider_vc alias=\"slider20\"]VAL PETTORINA PARADISE SKILAUFEN UN MEHR &#8230; In Malga Ciapela ist die Abfahrtsstelle der Marmolada-Seilbahn und der Aufstiegsanlagen des Padon-Bereichs, die mit Arabba und dem Dolomiti- Superski verbinden. Auch Langlauf auf einer in den verschneiten und stillen Wald f\u00fchrenden Spur in m\u00e4rchenhafter Umgebung wartet auf Sie. Es gibt viele Routen f\u00fcr die Anh\u00e4nger von...","protected":false},"author":6,"featured_media":0,"parent":0,"menu_order":0,"comment_status":"closed","ping_status":"open","template":"","meta":{"footnotes":""},"class_list":["post-492","page","type-page","status-publish","hentry"],"yoast_head":"<!-- This site is optimized with the Yoast SEO plugin v27.6 - https:\/\/yoast.com\/product\/yoast-seo-wordpress\/ -->\n<title>Winter - Garn&igrave; ai Serrai<\/title>\n<meta name=\"robots\" content=\"index, follow, max-snippet:-1, max-image-preview:large, max-video-preview:-1\" \/>\n<link rel=\"canonical\" href=\"https:\/\/www.garniaiserrai.it\/de\/winter-marmolada\/\" \/>\n<meta property=\"og:locale\" content=\"de_DE\" \/>\n<meta property=\"og:type\" content=\"article\" \/>\n<meta property=\"og:title\" content=\"Winter - Garn&igrave; ai Serrai\" \/>\n<meta property=\"og:url\" content=\"https:\/\/www.garniaiserrai.it\/de\/winter-marmolada\/\" \/>\n<meta property=\"og:site_name\" content=\"Garn&igrave; ai Serrai\" \/>\n<meta property=\"article:modified_time\" content=\"2026-04-28T19:59:05+00:00\" \/>\n<meta name=\"twitter:card\" content=\"summary_large_image\" \/>\n<meta name=\"twitter:label1\" content=\"Gesch\u00e4tzte Lesezeit\" \/>\n\t<meta name=\"twitter:data1\" content=\"1\u00a0Minute\" \/>\n<script type=\"application\/ld+json\" class=\"yoast-schema-graph\">{\"@context\":\"https:\\\/\\\/schema.org\",\"@graph\":[{\"@type\":\"WebPage\",\"@id\":\"https:\\\/\\\/www.garniaiserrai.it\\\/de\\\/winter-marmolada\\\/\",\"url\":\"https:\\\/\\\/www.garniaiserrai.it\\\/de\\\/winter-marmolada\\\/\",\"name\":\"Winter - Garn&igrave; ai Serrai\",\"isPartOf\":{\"@id\":\"https:\\\/\\\/www.garniaiserrai.it\\\/#website\"},\"datePublished\":\"2015-06-08T13:43:34+00:00\",\"dateModified\":\"2026-04-28T19:59:05+00:00\",\"breadcrumb\":{\"@id\":\"https:\\\/\\\/www.garniaiserrai.it\\\/de\\\/winter-marmolada\\\/#breadcrumb\"},\"inLanguage\":\"de\",\"potentialAction\":[{\"@type\":\"ReadAction\",\"target\":[\"https:\\\/\\\/www.garniaiserrai.it\\\/de\\\/winter-marmolada\\\/\"]}]},{\"@type\":\"BreadcrumbList\",\"@id\":\"https:\\\/\\\/www.garniaiserrai.it\\\/de\\\/winter-marmolada\\\/#breadcrumb\",\"itemListElement\":[{\"@type\":\"ListItem\",\"position\":1,\"name\":\"Start\",\"item\":\"https:\\\/\\\/www.garniaiserrai.it\\\/\"},{\"@type\":\"ListItem\",\"position\":2,\"name\":\"Winter\"}]},{\"@type\":\"WebSite\",\"@id\":\"https:\\\/\\\/www.garniaiserrai.it\\\/#website\",\"url\":\"https:\\\/\\\/www.garniaiserrai.it\\\/\",\"name\":\"Garn&igrave; ai Serrai\",\"description\":\"Hotel Garni Ai Serrai ***\",\"potentialAction\":[{\"@type\":\"SearchAction\",\"target\":{\"@type\":\"EntryPoint\",\"urlTemplate\":\"https:\\\/\\\/www.garniaiserrai.it\\\/?s={search_term_string}\"},\"query-input\":{\"@type\":\"PropertyValueSpecification\",\"valueRequired\":true,\"valueName\":\"search_term_string\"}}],\"inLanguage\":\"de\"}]}<\/script>\n<!-- \/ Yoast SEO plugin. -->","yoast_head_json":{"title":"Winter - Garn&igrave; ai Serrai","robots":{"index":"index","follow":"follow","max-snippet":"max-snippet:-1","max-image-preview":"max-image-preview:large","max-video-preview":"max-video-preview:-1"},"canonical":"https:\/\/www.garniaiserrai.it\/de\/winter-marmolada\/","og_locale":"de_DE","og_type":"article","og_title":"Winter - Garn&igrave; ai Serrai","og_url":"https:\/\/www.garniaiserrai.it\/de\/winter-marmolada\/","og_site_name":"Garn&igrave; ai Serrai","article_modified_time":"2026-04-28T19:59:05+00:00","twitter_card":"summary_large_image","twitter_misc":{"Gesch\u00e4tzte Lesezeit":"1\u00a0Minute"},"schema":{"@context":"https:\/\/schema.org","@graph":[{"@type":"WebPage","@id":"https:\/\/www.garniaiserrai.it\/de\/winter-marmolada\/","url":"https:\/\/www.garniaiserrai.it\/de\/winter-marmolada\/","name":"Winter - Garn&igrave; ai Serrai","isPartOf":{"@id":"https:\/\/www.garniaiserrai.it\/#website"},"datePublished":"2015-06-08T13:43:34+00:00","dateModified":"2026-04-28T19:59:05+00:00","breadcrumb":{"@id":"https:\/\/www.garniaiserrai.it\/de\/winter-marmolada\/#breadcrumb"},"inLanguage":"de","potentialAction":[{"@type":"ReadAction","target":["https:\/\/www.garniaiserrai.it\/de\/winter-marmolada\/"]}]},{"@type":"BreadcrumbList","@id":"https:\/\/www.garniaiserrai.it\/de\/winter-marmolada\/#breadcrumb","itemListElement":[{"@type":"ListItem","position":1,"name":"Start","item":"https:\/\/www.garniaiserrai.it\/"},{"@type":"ListItem","position":2,"name":"Winter"}]},{"@type":"WebSite","@id":"https:\/\/www.garniaiserrai.it\/#website","url":"https:\/\/www.garniaiserrai.it\/","name":"Garn&igrave; ai Serrai","description":"Hotel Garni Ai Serrai ***","potentialAction":[{"@type":"SearchAction","target":{"@type":"EntryPoint","urlTemplate":"https:\/\/www.garniaiserrai.it\/?s={search_term_string}"},"query-input":{"@type":"PropertyValueSpecification","valueRequired":true,"valueName":"search_term_string"}}],"inLanguage":"de"}]}},"_links":{"self":[{"href":"https:\/\/www.garniaiserrai.it\/de\/wp-json\/wp\/v2\/pages\/492","targetHints":{"allow":["GET"]}}],"collection":[{"href":"https:\/\/www.garniaiserrai.it\/de\/wp-json\/wp\/v2\/pages"}],"about":[{"href":"https:\/\/www.garniaiserrai.it\/de\/wp-json\/wp\/v2\/types\/page"}],"author":[{"embeddable":true,"href":"https:\/\/www.garniaiserrai.it\/de\/wp-json\/wp\/v2\/users\/6"}],"replies":[{"embeddable":true,"href":"https:\/\/www.garniaiserrai.it\/de\/wp-json\/wp\/v2\/comments?post=492"}],"version-history":[{"count":7,"href":"https:\/\/www.garniaiserrai.it\/de\/wp-json\/wp\/v2\/pages\/492\/revisions"}],"predecessor-version":[{"id":1513,"href":"https:\/\/www.garniaiserrai.it\/de\/wp-json\/wp\/v2\/pages\/492\/revisions\/1513"}],"wp:attachment":[{"href":"https:\/\/www.garniaiserrai.it\/de\/wp-json\/wp\/v2\/media?parent=492"}],"curies":[{"name":"wp","href":"https:\/\/api.w.org\/{rel}","templated":true}]}}