{"id":489,"date":"2015-06-08T13:41:01","date_gmt":"2015-06-08T13:41:01","guid":{"rendered":"http:\/\/www.garniaiserrai.it\/estate-2\/"},"modified":"2026-04-28T19:58:38","modified_gmt":"2026-04-28T19:58:38","slug":"sommer-marmolada","status":"publish","type":"page","link":"https:\/\/www.garniaiserrai.it\/de\/sommer-marmolada\/","title":{"rendered":"Sommer"},"content":{"rendered":"<section class=\"l-section wpb_row height_auto width_full\"><div class=\"l-section-h i-cf\"><div class=\"g-cols vc_row via_grid cols_1 laptops-cols_inherit tablets-cols_inherit mobiles-cols_1 valign_top type_default stacking_default\"><div class=\"wpb_column vc_column_container\"><div class=\"vc_column-inner\">[rev_slider_vc alias=&#8220;slider19&#8243;]<\/div><\/div><\/div><\/div><\/section><section class=\"l-section wpb_row height_medium\"><div class=\"l-section-h i-cf\"><div class=\"g-cols vc_row via_grid cols_1 laptops-cols_inherit tablets-cols_inherit mobiles-cols_1 valign_top type_default stacking_default\"><div class=\"wpb_column vc_column_container\"><div class=\"vc_column-inner\"><div class=\"wpb_text_column\"><div class=\"wpb_wrapper\"><h2>ENTSPANNUNG, SPORT F\u00dcR K\u00d6RPER UND SEELE!<\/h2>\n<p>Schlichte Wanderungen im Tal und entspannende Aktivit\u00e4ten in der Stille der W\u00e4lder; Kletterrouten, um die majest\u00e4tischen Gipfel zu erforschen; Klettern auf der <strong>K\u00f6nigin der \u201eMonti Pallidi\u201c<\/strong>; Routen f\u00fcr Mountainbiker auf abenteuerlichen Pfaden oder weniger anspruchsvollen Wegen durch Wiesen, W\u00e4lder und entlang der B\u00e4che &#8211; immer von der Stille und dem Duft der Natur umgeben.<\/p>\n<p><strong>Das Val Pettorina<\/strong> bietet Veranstaltungen, durch die Sie die Wurzeln der Ladinischen Traditionen und ihre Gastronomie kennen lernen k\u00f6nnen.<\/p>\n<p><strong>F\u00dcR UNSERE KUNDEN:<\/strong><\/p>\n<p><iframe loading=\"lazy\" src=\"https:\/\/www.youtube.com\/embed\/weHYEeruil8?rel=0\" width=\"100%\" height=\"400\" frameborder=\"0\" allowfullscreen=\"allowfullscreen\"><\/iframe><\/p>\n<\/div><\/div><\/div><\/div><\/div><\/div><\/section>\n","protected":false},"excerpt":{"rendered":"[rev_slider_vc alias=\"slider19\"]ENTSPANNUNG, SPORT F\u00dcR K\u00d6RPER UND SEELE! Schlichte Wanderungen im Tal und entspannende Aktivit\u00e4ten in der Stille der W\u00e4lder; Kletterrouten, um die majest\u00e4tischen Gipfel zu erforschen; Klettern auf der K\u00f6nigin der \u201eMonti Pallidi\u201c; Routen f\u00fcr Mountainbiker auf abenteuerlichen Pfaden oder weniger anspruchsvollen Wegen durch Wiesen, W\u00e4lder und entlang der B\u00e4che &#8211; immer von der Stille...","protected":false},"author":6,"featured_media":0,"parent":0,"menu_order":0,"comment_status":"closed","ping_status":"open","template":"","meta":{"footnotes":""},"class_list":["post-489","page","type-page","status-publish","hentry"],"yoast_head":"<!-- This site is optimized with the Yoast SEO plugin v27.5 - https:\/\/yoast.com\/product\/yoast-seo-wordpress\/ -->\n<title>Sommer - Garn&igrave; ai Serrai<\/title>\n<meta name=\"robots\" content=\"index, follow, max-snippet:-1, max-image-preview:large, max-video-preview:-1\" \/>\n<link rel=\"canonical\" href=\"https:\/\/www.garniaiserrai.it\/de\/sommer-marmolada\/\" \/>\n<meta property=\"og:locale\" content=\"de_DE\" \/>\n<meta property=\"og:type\" content=\"article\" \/>\n<meta property=\"og:title\" content=\"Sommer - Garn&igrave; ai Serrai\" \/>\n<meta property=\"og:url\" content=\"https:\/\/www.garniaiserrai.it\/de\/sommer-marmolada\/\" \/>\n<meta property=\"og:site_name\" content=\"Garn&igrave; ai Serrai\" \/>\n<meta property=\"article:modified_time\" content=\"2026-04-28T19:58:38+00:00\" \/>\n<meta name=\"twitter:card\" content=\"summary_large_image\" \/>\n<meta name=\"twitter:label1\" content=\"Gesch\u00e4tzte Lesezeit\" \/>\n\t<meta name=\"twitter:data1\" content=\"1\u00a0Minute\" \/>\n<script type=\"application\/ld+json\" class=\"yoast-schema-graph\">{\"@context\":\"https:\\\/\\\/schema.org\",\"@graph\":[{\"@type\":\"WebPage\",\"@id\":\"https:\\\/\\\/www.garniaiserrai.it\\\/de\\\/sommer-marmolada\\\/\",\"url\":\"https:\\\/\\\/www.garniaiserrai.it\\\/de\\\/sommer-marmolada\\\/\",\"name\":\"Sommer - Garn&igrave; ai Serrai\",\"isPartOf\":{\"@id\":\"https:\\\/\\\/www.garniaiserrai.it\\\/#website\"},\"datePublished\":\"2015-06-08T13:41:01+00:00\",\"dateModified\":\"2026-04-28T19:58:38+00:00\",\"breadcrumb\":{\"@id\":\"https:\\\/\\\/www.garniaiserrai.it\\\/de\\\/sommer-marmolada\\\/#breadcrumb\"},\"inLanguage\":\"de\",\"potentialAction\":[{\"@type\":\"ReadAction\",\"target\":[\"https:\\\/\\\/www.garniaiserrai.it\\\/de\\\/sommer-marmolada\\\/\"]}]},{\"@type\":\"BreadcrumbList\",\"@id\":\"https:\\\/\\\/www.garniaiserrai.it\\\/de\\\/sommer-marmolada\\\/#breadcrumb\",\"itemListElement\":[{\"@type\":\"ListItem\",\"position\":1,\"name\":\"Start\",\"item\":\"https:\\\/\\\/www.garniaiserrai.it\\\/\"},{\"@type\":\"ListItem\",\"position\":2,\"name\":\"Sommer\"}]},{\"@type\":\"WebSite\",\"@id\":\"https:\\\/\\\/www.garniaiserrai.it\\\/#website\",\"url\":\"https:\\\/\\\/www.garniaiserrai.it\\\/\",\"name\":\"Garn&igrave; ai Serrai\",\"description\":\"Hotel Garni Ai Serrai ***\",\"potentialAction\":[{\"@type\":\"SearchAction\",\"target\":{\"@type\":\"EntryPoint\",\"urlTemplate\":\"https:\\\/\\\/www.garniaiserrai.it\\\/?s={search_term_string}\"},\"query-input\":{\"@type\":\"PropertyValueSpecification\",\"valueRequired\":true,\"valueName\":\"search_term_string\"}}],\"inLanguage\":\"de\"}]}<\/script>\n<!-- \/ Yoast SEO plugin. -->","yoast_head_json":{"title":"Sommer - Garn&igrave; ai Serrai","robots":{"index":"index","follow":"follow","max-snippet":"max-snippet:-1","max-image-preview":"max-image-preview:large","max-video-preview":"max-video-preview:-1"},"canonical":"https:\/\/www.garniaiserrai.it\/de\/sommer-marmolada\/","og_locale":"de_DE","og_type":"article","og_title":"Sommer - Garn&igrave; ai Serrai","og_url":"https:\/\/www.garniaiserrai.it\/de\/sommer-marmolada\/","og_site_name":"Garn&igrave; ai Serrai","article_modified_time":"2026-04-28T19:58:38+00:00","twitter_card":"summary_large_image","twitter_misc":{"Gesch\u00e4tzte Lesezeit":"1\u00a0Minute"},"schema":{"@context":"https:\/\/schema.org","@graph":[{"@type":"WebPage","@id":"https:\/\/www.garniaiserrai.it\/de\/sommer-marmolada\/","url":"https:\/\/www.garniaiserrai.it\/de\/sommer-marmolada\/","name":"Sommer - Garn&igrave; ai Serrai","isPartOf":{"@id":"https:\/\/www.garniaiserrai.it\/#website"},"datePublished":"2015-06-08T13:41:01+00:00","dateModified":"2026-04-28T19:58:38+00:00","breadcrumb":{"@id":"https:\/\/www.garniaiserrai.it\/de\/sommer-marmolada\/#breadcrumb"},"inLanguage":"de","potentialAction":[{"@type":"ReadAction","target":["https:\/\/www.garniaiserrai.it\/de\/sommer-marmolada\/"]}]},{"@type":"BreadcrumbList","@id":"https:\/\/www.garniaiserrai.it\/de\/sommer-marmolada\/#breadcrumb","itemListElement":[{"@type":"ListItem","position":1,"name":"Start","item":"https:\/\/www.garniaiserrai.it\/"},{"@type":"ListItem","position":2,"name":"Sommer"}]},{"@type":"WebSite","@id":"https:\/\/www.garniaiserrai.it\/#website","url":"https:\/\/www.garniaiserrai.it\/","name":"Garn&igrave; ai Serrai","description":"Hotel Garni Ai Serrai ***","potentialAction":[{"@type":"SearchAction","target":{"@type":"EntryPoint","urlTemplate":"https:\/\/www.garniaiserrai.it\/?s={search_term_string}"},"query-input":{"@type":"PropertyValueSpecification","valueRequired":true,"valueName":"search_term_string"}}],"inLanguage":"de"}]}},"_links":{"self":[{"href":"https:\/\/www.garniaiserrai.it\/de\/wp-json\/wp\/v2\/pages\/489","targetHints":{"allow":["GET"]}}],"collection":[{"href":"https:\/\/www.garniaiserrai.it\/de\/wp-json\/wp\/v2\/pages"}],"about":[{"href":"https:\/\/www.garniaiserrai.it\/de\/wp-json\/wp\/v2\/types\/page"}],"author":[{"embeddable":true,"href":"https:\/\/www.garniaiserrai.it\/de\/wp-json\/wp\/v2\/users\/6"}],"replies":[{"embeddable":true,"href":"https:\/\/www.garniaiserrai.it\/de\/wp-json\/wp\/v2\/comments?post=489"}],"version-history":[{"count":7,"href":"https:\/\/www.garniaiserrai.it\/de\/wp-json\/wp\/v2\/pages\/489\/revisions"}],"predecessor-version":[{"id":1516,"href":"https:\/\/www.garniaiserrai.it\/de\/wp-json\/wp\/v2\/pages\/489\/revisions\/1516"}],"wp:attachment":[{"href":"https:\/\/www.garniaiserrai.it\/de\/wp-json\/wp\/v2\/media?parent=489"}],"curies":[{"name":"wp","href":"https:\/\/api.w.org\/{rel}","templated":true}]}}