{"id":488,"date":"2015-06-08T13:31:50","date_gmt":"2015-06-08T13:31:50","guid":{"rendered":"http:\/\/www.garniaiserrai.it\/dove-siamo-2\/"},"modified":"2026-04-28T19:57:30","modified_gmt":"2026-04-28T19:57:30","slug":"anreise","status":"publish","type":"page","link":"https:\/\/www.garniaiserrai.it\/de\/anreise\/","title":{"rendered":"Anreise"},"content":{"rendered":"<section class=\"l-section wpb_row height_auto width_full\"><div class=\"l-section-h i-cf\"><div class=\"g-cols vc_row via_grid cols_1 laptops-cols_inherit tablets-cols_inherit mobiles-cols_1 valign_top type_default stacking_default\"><div class=\"wpb_column vc_column_container\"><div class=\"vc_column-inner\">[vc_raw_html]JTNDaWZyYW1lJTIwc3JjJTNEJTIyaHR0cHMlM0ElMkYlMkZ3d3cuZ29vZ2xlLmNvbSUyRm1hcHMlMkZlbWJlZCUzRnBiJTNEJTIxMW0xOCUyMTFtMTIlMjExbTMlMjExZDI3NTAuMjA3NjQ5Mjk5NjMzNCUyMTJkMTEuOTM0MzY4MDc2NjI0NDc3JTIxM2Q0Ni40MjQ3NjM2Njg4Mzc5MjYlMjEybTMlMjExZjAlMjEyZjAlMjEzZjAlMjEzbTIlMjExaTEwMjQlMjEyaTc2OCUyMTRmMTMuMSUyMTNtMyUyMTFtMiUyMTFzMHg0Nzc4NDVkYjYwNDM5MTUxJTI1M0EweDc0YjMzZmVmYjdlYzhhM2IlMjEyc0xvY2FsaXQlMjVDMyUyNUEwJTI1MjBTb3R0b2d1ZGElMjUyQyUyNTIwNTYlMjUyQyUyNTIwMzIwMjMlMjUyMFNvdHRvZ3VkYS1wYWx1ZSUyNTIwQkwlMjUyQyUyNTIwSXRhbGlhJTIxNWUwJTIxM20yJTIxMXNlcyUyMTJzdmUlMjE0djE3MjMxMjYzMTEwMzklMjE1bTIlMjExc2VzJTIxMnN2ZSUyMiUyMHdpZHRoJTNEJTIyMTAwJTI1JTIyJTIwaGVpZ2h0JTNEJTIyNDAwJTIyJTIwc3R5bGUlM0QlMjJib3JkZXIlM0EwJTNCJTIyJTIwYWxsb3dmdWxsc2NyZWVuJTNEJTIyJTIyJTIwbG9hZGluZyUzRCUyMmxhenklMjIlMjByZWZlcnJlcnBvbGljeSUzRCUyMm5vLXJlZmVycmVyLXdoZW4tZG93bmdyYWRlJTIyJTNFJTNDJTJGaWZyYW1lJTNF[\/vc_raw_html]<\/div><\/div><\/div><\/div><\/section><section class=\"l-section wpb_row height_medium\"><div class=\"l-section-h i-cf\"><div class=\"g-cols vc_row via_grid cols_1 laptops-cols_inherit tablets-cols_inherit mobiles-cols_1 valign_top type_default stacking_default\"><div class=\"wpb_column vc_column_container\"><div class=\"vc_column-inner\"><div class=\"g-cols wpb_row via_grid cols_1 laptops-cols_inherit tablets-cols_inherit mobiles-cols_1 valign_top type_default stacking_default\" style=\"--columns-gap:3rem;\"><div class=\"wpb_column vc_column_container\"><div class=\"vc_column-inner\"><div class=\"wpb_text_column\"><div class=\"wpb_wrapper\"><h2>SO ERREICHEN SIE UNS<\/h2>\n<ul>\n<li><strong>MIT DEM AUTO:<br \/>\nVon Norden<\/strong> kommend, die Brenner-Autobahn, Ausfahrt EGNA-ORA (Neumarkt-Auer), und dann der Beschilderung zum Fassatal, dem Fedaia-Pass folgen und hinunter bis Malga Ciapela. Nach zwei Kilometern erreichen Sie Sottoguda. Im Winter empfehlen wir, uns vorher anzurufen, um sich zu vergewissern, dass der Fedaia Pass ge\u00f6ffnet ist;<br \/>\n<strong>von S\u00fcden<\/strong> kommend: auf der Autobahn Venedig-Belluno, Ausfahrt Belluno, dann weiter auf der Staatsstra\u00dfe 203 nach Agordo. Folgen Sie der Beschilderung Cencenighe, Rocca Pietore-Marmolada. Nach 3 km erreichen Sie Sottoguda.<\/li>\n<li><strong>MIT DEM ZUG:\u00a0<\/strong>Die n\u00e4chsten Bahnh\u00f6fe sind Belluno (59 km), Bozen (73 km) und Bruneck (120 km)<\/li>\n<li><strong>MIT DEM FLUGZEUG:<\/strong> Die n\u00e4chsten Flugh\u00e4fen sind in Treviso (145 km), Venedig (150 km), Bozen (73 km) und Verona. Von und zu den Flugh\u00e4fen von Treviso, Venedig, Verona und Bergamo, k\u00f6nnen unsere Kunden den SKI SHUTTLE des Dolomiti Stars Service benutzen.<\/li>\n<\/ul>\n<p><strong>BUS:<\/strong> <a href=\"http:\/\/www.dolomitibus.it\">http:\/\/www.dolomitibus.it<\/a><\/p>\n<\/div><\/div><\/div><\/div><\/div><div class=\"g-cols wpb_row via_grid cols_1 laptops-cols_inherit tablets-cols_inherit mobiles-cols_1 valign_top type_default stacking_default\" style=\"--columns-gap:3rem;\"><div class=\"wpb_column vc_column_container\"><div class=\"vc_column-inner\"><div class=\"w-map provider_google us_custom_2eb1a079\" id=\"us_map_1\"><div class=\"w-map-inner\"><div class=\"w-map-json\" onclick='return {&quot;address&quot;:&quot;Localit\\u00e0 Sottoguda, 56, 32020 Rocca Pietore BL, Italia&quot;,&quot;disableDragging&quot;:0,&quot;disableZoom&quot;:0,&quot;hideControls&quot;:0,&quot;zoom&quot;:14,&quot;markers&quot;:[{&quot;address&quot;:&quot;Localit\\u00e0 Sottoguda, 56, 32020 Rocca Pietore BL, Italia&quot;,&quot;html&quot;:&quot;&lt;h6&gt;Hey, we are here!&lt;\\\/h6&gt;&lt;p&gt;We will be glad to see you in our office.&lt;\\\/p&gt;&quot;,&quot;infowindow&quot;:0}],&quot;icon&quot;:{&quot;url&quot;:&quot;https:\\\/\\\/www.garniaiserrai.it\\\/wp-content\\\/uploads\\\/2015\\\/06\\\/map.png&quot;,&quot;size&quot;:[80,80]},&quot;maptype&quot;:&quot;ROADMAP&quot;}'><\/div><\/div><\/div><\/div><\/div><\/div><\/div><\/div><\/div><\/div><\/section>\n","protected":false},"excerpt":{"rendered":"[vc_raw_html]JTNDaWZyYW1lJTIwc3JjJTNEJTIyaHR0cHMlM0ElMkYlMkZ3d3cuZ29vZ2xlLmNvbSUyRm1hcHMlMkZlbWJlZCUzRnBiJTNEJTIxMW0xOCUyMTFtMTIlMjExbTMlMjExZDI3NTAuMjA3NjQ5Mjk5NjMzNCUyMTJkMTEuOTM0MzY4MDc2NjI0NDc3JTIxM2Q0Ni40MjQ3NjM2Njg4Mzc5MjYlMjEybTMlMjExZjAlMjEyZjAlMjEzZjAlMjEzbTIlMjExaTEwMjQlMjEyaTc2OCUyMTRmMTMuMSUyMTNtMyUyMTFtMiUyMTFzMHg0Nzc4NDVkYjYwNDM5MTUxJTI1M0EweDc0YjMzZmVmYjdlYzhhM2IlMjEyc0xvY2FsaXQlMjVDMyUyNUEwJTI1MjBTb3R0b2d1ZGElMjUyQyUyNTIwNTYlMjUyQyUyNTIwMzIwMjMlMjUyMFNvdHRvZ3VkYS1wYWx1ZSUyNTIwQkwlMjUyQyUyNTIwSXRhbGlhJTIxNWUwJTIxM20yJTIxMXNlcyUyMTJzdmUlMjE0djE3MjMxMjYzMTEwMzklMjE1bTIlMjExc2VzJTIxMnN2ZSUyMiUyMHdpZHRoJTNEJTIyMTAwJTI1JTIyJTIwaGVpZ2h0JTNEJTIyNDAwJTIyJTIwc3R5bGUlM0QlMjJib3JkZXIlM0EwJTNCJTIyJTIwYWxsb3dmdWxsc2NyZWVuJTNEJTIyJTIyJTIwbG9hZGluZyUzRCUyMmxhenklMjIlMjByZWZlcnJlcnBvbGljeSUzRCUyMm5vLXJlZmVycmVyLXdoZW4tZG93bmdyYWRlJTIyJTNFJTNDJTJGaWZyYW1lJTNF[\/vc_raw_html]SO ERREICHEN SIE UNS MIT DEM AUTO: Von Norden kommend, die Brenner-Autobahn, Ausfahrt EGNA-ORA (Neumarkt-Auer), und dann der Beschilderung zum Fassatal, dem Fedaia-Pass folgen und hinunter bis Malga Ciapela. Nach zwei Kilometern erreichen Sie Sottoguda. Im Winter empfehlen wir, uns vorher anzurufen, um sich zu vergewissern, dass der Fedaia Pass ge\u00f6ffnet ist; von S\u00fcden kommend:...","protected":false},"author":6,"featured_media":0,"parent":0,"menu_order":0,"comment_status":"closed","ping_status":"open","template":"","meta":{"footnotes":""},"class_list":["post-488","page","type-page","status-publish","hentry"],"yoast_head":"<!-- This site is optimized with the Yoast SEO plugin v27.6 - https:\/\/yoast.com\/product\/yoast-seo-wordpress\/ -->\n<title>Anreise - Garn&igrave; ai Serrai<\/title>\n<meta name=\"robots\" content=\"index, follow, max-snippet:-1, max-image-preview:large, max-video-preview:-1\" \/>\n<link rel=\"canonical\" href=\"https:\/\/www.garniaiserrai.it\/de\/anreise\/\" \/>\n<meta property=\"og:locale\" content=\"de_DE\" \/>\n<meta property=\"og:type\" content=\"article\" \/>\n<meta property=\"og:title\" content=\"Anreise - Garn&igrave; ai Serrai\" \/>\n<meta property=\"og:url\" content=\"https:\/\/www.garniaiserrai.it\/de\/anreise\/\" \/>\n<meta property=\"og:site_name\" content=\"Garn&igrave; ai Serrai\" \/>\n<meta property=\"article:modified_time\" content=\"2026-04-28T19:57:30+00:00\" \/>\n<meta name=\"twitter:card\" content=\"summary_large_image\" \/>\n<meta name=\"twitter:label1\" content=\"Gesch\u00e4tzte Lesezeit\" \/>\n\t<meta name=\"twitter:data1\" content=\"1\u00a0Minute\" \/>\n<script type=\"application\/ld+json\" class=\"yoast-schema-graph\">{\"@context\":\"https:\\\/\\\/schema.org\",\"@graph\":[{\"@type\":\"WebPage\",\"@id\":\"https:\\\/\\\/www.garniaiserrai.it\\\/de\\\/anreise\\\/\",\"url\":\"https:\\\/\\\/www.garniaiserrai.it\\\/de\\\/anreise\\\/\",\"name\":\"Anreise - Garn&igrave; ai Serrai\",\"isPartOf\":{\"@id\":\"https:\\\/\\\/www.garniaiserrai.it\\\/#website\"},\"datePublished\":\"2015-06-08T13:31:50+00:00\",\"dateModified\":\"2026-04-28T19:57:30+00:00\",\"breadcrumb\":{\"@id\":\"https:\\\/\\\/www.garniaiserrai.it\\\/de\\\/anreise\\\/#breadcrumb\"},\"inLanguage\":\"de\",\"potentialAction\":[{\"@type\":\"ReadAction\",\"target\":[\"https:\\\/\\\/www.garniaiserrai.it\\\/de\\\/anreise\\\/\"]}]},{\"@type\":\"BreadcrumbList\",\"@id\":\"https:\\\/\\\/www.garniaiserrai.it\\\/de\\\/anreise\\\/#breadcrumb\",\"itemListElement\":[{\"@type\":\"ListItem\",\"position\":1,\"name\":\"Start\",\"item\":\"https:\\\/\\\/www.garniaiserrai.it\\\/\"},{\"@type\":\"ListItem\",\"position\":2,\"name\":\"Anreise\"}]},{\"@type\":\"WebSite\",\"@id\":\"https:\\\/\\\/www.garniaiserrai.it\\\/#website\",\"url\":\"https:\\\/\\\/www.garniaiserrai.it\\\/\",\"name\":\"Garn&igrave; ai Serrai\",\"description\":\"Hotel Garni Ai Serrai ***\",\"potentialAction\":[{\"@type\":\"SearchAction\",\"target\":{\"@type\":\"EntryPoint\",\"urlTemplate\":\"https:\\\/\\\/www.garniaiserrai.it\\\/?s={search_term_string}\"},\"query-input\":{\"@type\":\"PropertyValueSpecification\",\"valueRequired\":true,\"valueName\":\"search_term_string\"}}],\"inLanguage\":\"de\"}]}<\/script>\n<!-- \/ Yoast SEO plugin. -->","yoast_head_json":{"title":"Anreise - Garn&igrave; ai Serrai","robots":{"index":"index","follow":"follow","max-snippet":"max-snippet:-1","max-image-preview":"max-image-preview:large","max-video-preview":"max-video-preview:-1"},"canonical":"https:\/\/www.garniaiserrai.it\/de\/anreise\/","og_locale":"de_DE","og_type":"article","og_title":"Anreise - Garn&igrave; ai Serrai","og_url":"https:\/\/www.garniaiserrai.it\/de\/anreise\/","og_site_name":"Garn&igrave; ai Serrai","article_modified_time":"2026-04-28T19:57:30+00:00","twitter_card":"summary_large_image","twitter_misc":{"Gesch\u00e4tzte Lesezeit":"1\u00a0Minute"},"schema":{"@context":"https:\/\/schema.org","@graph":[{"@type":"WebPage","@id":"https:\/\/www.garniaiserrai.it\/de\/anreise\/","url":"https:\/\/www.garniaiserrai.it\/de\/anreise\/","name":"Anreise - Garn&igrave; ai Serrai","isPartOf":{"@id":"https:\/\/www.garniaiserrai.it\/#website"},"datePublished":"2015-06-08T13:31:50+00:00","dateModified":"2026-04-28T19:57:30+00:00","breadcrumb":{"@id":"https:\/\/www.garniaiserrai.it\/de\/anreise\/#breadcrumb"},"inLanguage":"de","potentialAction":[{"@type":"ReadAction","target":["https:\/\/www.garniaiserrai.it\/de\/anreise\/"]}]},{"@type":"BreadcrumbList","@id":"https:\/\/www.garniaiserrai.it\/de\/anreise\/#breadcrumb","itemListElement":[{"@type":"ListItem","position":1,"name":"Start","item":"https:\/\/www.garniaiserrai.it\/"},{"@type":"ListItem","position":2,"name":"Anreise"}]},{"@type":"WebSite","@id":"https:\/\/www.garniaiserrai.it\/#website","url":"https:\/\/www.garniaiserrai.it\/","name":"Garn&igrave; ai Serrai","description":"Hotel Garni Ai Serrai ***","potentialAction":[{"@type":"SearchAction","target":{"@type":"EntryPoint","urlTemplate":"https:\/\/www.garniaiserrai.it\/?s={search_term_string}"},"query-input":{"@type":"PropertyValueSpecification","valueRequired":true,"valueName":"search_term_string"}}],"inLanguage":"de"}]}},"_links":{"self":[{"href":"https:\/\/www.garniaiserrai.it\/de\/wp-json\/wp\/v2\/pages\/488","targetHints":{"allow":["GET"]}}],"collection":[{"href":"https:\/\/www.garniaiserrai.it\/de\/wp-json\/wp\/v2\/pages"}],"about":[{"href":"https:\/\/www.garniaiserrai.it\/de\/wp-json\/wp\/v2\/types\/page"}],"author":[{"embeddable":true,"href":"https:\/\/www.garniaiserrai.it\/de\/wp-json\/wp\/v2\/users\/6"}],"replies":[{"embeddable":true,"href":"https:\/\/www.garniaiserrai.it\/de\/wp-json\/wp\/v2\/comments?post=488"}],"version-history":[{"count":10,"href":"https:\/\/www.garniaiserrai.it\/de\/wp-json\/wp\/v2\/pages\/488\/revisions"}],"predecessor-version":[{"id":1641,"href":"https:\/\/www.garniaiserrai.it\/de\/wp-json\/wp\/v2\/pages\/488\/revisions\/1641"}],"wp:attachment":[{"href":"https:\/\/www.garniaiserrai.it\/de\/wp-json\/wp\/v2\/media?parent=488"}],"curies":[{"name":"wp","href":"https:\/\/api.w.org\/{rel}","templated":true}]}}