{"id":473,"date":"2015-06-22T15:13:08","date_gmt":"2015-06-22T15:13:08","guid":{"rendered":"http:\/\/www.garniaiserrai.it\/camere-servizi-2\/"},"modified":"2026-04-28T19:59:12","modified_gmt":"2026-04-28T19:59:12","slug":"zimmer-dienstleistungen","status":"publish","type":"page","link":"https:\/\/www.garniaiserrai.it\/de\/zimmer-dienstleistungen\/","title":{"rendered":"Zimmer &#038; Dienstleistungen"},"content":{"rendered":"<section class=\"l-section wpb_row height_auto width_full\"><div class=\"l-section-h i-cf\"><div class=\"g-cols vc_row via_grid cols_1 laptops-cols_inherit tablets-cols_inherit mobiles-cols_1 valign_top type_default stacking_default\"><div class=\"wpb_column vc_column_container\"><div class=\"vc_column-inner\">[rev_slider_vc alias=&#8220;slider16&#8243;]<\/div><\/div><\/div><\/div><\/section><section class=\"l-section wpb_row height_auto width_full color_primary with_img\"><div class=\"l-section-img\" role=\"img\" aria-label=\"Bild\" data-img-width=\"1824\" data-img-height=\"180\" style=\"background-image: url(https:\/\/www.garniaiserrai.it\/wp-content\/uploads\/2015\/06\/book2.jpg);\"><\/div><div class=\"l-section-h i-cf\"><div class=\"g-cols vc_row via_grid cols_1 laptops-cols_inherit tablets-cols_inherit mobiles-cols_1 valign_top type_default stacking_default\"><div class=\"wpb_column vc_column_container\"><div class=\"vc_column-inner\">[vc_raw_html]JTNDbGluayUyMHJlbCUzRCUyMnN0eWxlc2hlZXQlMjIlMjBocmVmJTNEJTIyaHR0cCUzQSUyRiUyRmNvZGUuanF1ZXJ5LmNvbSUyRnVpJTJGMS4xMS40JTJGdGhlbWVzJTJGc21vb3RobmVzcyUyRmpxdWVyeS11aS5jc3MlMjIlM0UlMEElM0NzY3JpcHQlMjBzcmMlM0QlMjJodHRwJTNBJTJGJTJGY29kZS5qcXVlcnkuY29tJTJGdWklMkYxLjExLjQlMkZqcXVlcnktdWkuanMlMjIlM0UlM0MlMkZzY3JpcHQlM0UlMEElMEElM0NzY3JpcHQlMjB0eXBlJTNEJTIydGV4dCUyRmphdmFzY3JpcHQlMjIlM0UlMEElMjBqUXVlcnklMjhmdW5jdGlvbiUyOCUyOSUyMCU3QiUwQSUyMCUwOWpRdWVyeSUyOCUyNy5kYXRlcGlja2VyJTI3JTI5LmRhdGVwaWNrZXIlMjglN0IlMjBkYXRlRm9ybWF0JTNBJTIwJTI3ZGQtbW0teXklMjclMjAlN0QlMjklM0IlMEElN0QlMjklM0IlMEElMEElM0MlMkZzY3JpcHQlM0UlMEElMEElM0Nmb3JtJTIwYWN0aW9uJTNEJTIyaHR0cHMlM0ElMkYlMkZ3d3cuZ2FybmlhaXNlcnJhaS5pdCUyMiUyMG1ldGhvZCUzRCUyMmdldCUyMiUyMGlkJTNEJTIyZm9ybTElMjIlMjBuYW1lJTNEJTIyZm9ybTElMjIlM0UlMEElM0NkaXYlMjBjbGFzcyUzRCUyMmctY29scyUyMG9mZnNldF9kZWZhdWx0JTIyJTIwc3R5bGUlM0QlMjJtYXJnaW4tbGVmdCUzQSUyMDBweCUyMCUyMWltcG9ydGFudCUzQnBhZGRpbmctdG9wJTNBMjBweCUzQiUyMiUzRSUwQSUwOSUwOSUwQSUwOSUwOSUzQ2RpdiUyMGNsYXNzJTNEJTIyb25lLXF1YXJ0ZXIlMjBhbmltYXRlX2FmbCUyMGFuaW1hdGVfc3RhcnQlMjIlM0UlMEElMDklMDklMDklM0NoMiUyMHN0eWxlJTNEJTIydGV4dC1hbGlnbiUzQWNlbnRlciUzQiUyMiUzRSUzQ2klMjBjbGFzcyUzRCUyMmZhJTIwZmEtY2FsZW5kYXIlMjIlM0UlM0MlMkZpJTNFJTIwU2NobmVsbGFuZnJhZ2UlMjAlM0MlMkZoMiUzRSUwQSUwOSUwOSUwOSUzQ2lucHV0JTIwdHlwZSUzRCUyMmhpZGRlbiUyMiUyMHZhbHVlJTNEJTIyNDklMjIlMjBpZCUzRCUyMnBhZ2VfaWQlMjIlMjBuYW1lJTNEJTIycGFnZV9pZCUyMiUzRSUwQSUwOSUwOSUzQyUyRmRpdiUzRSUwQSUwQSUwOSUwOSUzQ2RpdiUyMGNsYXNzJTNEJTIyb25lLXF1YXJ0ZXIlMjBhbmltYXRlX2FmbCUyMGFuaW1hdGVfc3RhcnQlMjIlM0UlMEElMDklMDklMDklM0NzcGFuJTNFJTBBJTA5JTA5JTA5JTA5JTBBJTA5JTA5JTA5JTA5JTNDaW5wdXQlMjBpZCUzRCUyMmQxJTIyJTIwbmFtZSUzRCUyMmQxJTIyJTIwdmFsdWUlM0QlMjIlMjIlMjBwbGFjZWhvbGRlciUzRCUyMkFiZmFocnQlMjIlMjB0eXBlJTNEJTIydGV4dCUyMiUyMGNsYXNzJTNEJTIyZGF0ZXBpY2tlciUyMiUzRSUwQSUwQSUwOSUwOSUwOSUzQyUyRnNwYW4lM0UlMEElMDklMDklM0MlMkZkaXYlM0UlMEElMDklMDklM0NkaXYlMjBjbGFzcyUzRCUyMm9uZS1xdWFydGVyJTIwJTIwYW5pbWF0ZV9hZmwlMjBhbmltYXRlX3N0YXJ0JTIyJTNFJTBBJTA5JTA5JTA5JTNDc3BhbiUzRSUwQSUwOSUwOSUwOSUwOSUzQ2lucHV0JTIwaWQlM0QlMjJkMiUyMiUyMG5hbWUlM0QlMjJkMiUyMiUyMHZhbHVlJTNEJTIyJTIyJTIwJTIwcGxhY2Vob2xkZXIlM0QlMjJBbmZhaHJ0JTIyJTIwdHlwZSUzRCUyMnRleHQlMjIlMjBjbGFzcyUzRCUyMmRhdGVwaWNrZXIlMjIlM0UlMEElMDklMDklMDklM0MlMkZzcGFuJTNFJTBBJTA5JTA5JTNDJTJGZGl2JTNFJTBBJTA5JTA5JTNDZGl2JTIwY2xhc3MlM0QlMjJvbmUtcXVhcnRlciUyMGFuaW1hdGVfYWZsJTIwYW5pbWF0ZV9zdGFydCUyMiUzRSUwQSUwOSUwOSUwOSUzQ2lucHV0JTIwdmFsdWUlM0QlMjJTZW5kZW4lMjIlMjB0eXBlJTNEJTIyc3VibWl0JTIyJTNFJTBBJTA5JTA5JTA5JTBBJTA5JTA5JTNDJTJGZGl2JTNFJTBBJTNDJTJGZGl2JTNFJTBBJTNDJTJGZm9ybSUzRQ==[\/vc_raw_html]<\/div><\/div><\/div><\/div><\/section><section class=\"l-section wpb_row height_medium\"><div class=\"l-section-h i-cf\"><div class=\"g-cols vc_row via_grid cols_1 laptops-cols_inherit tablets-cols_inherit mobiles-cols_1 valign_top type_default stacking_default\"><div class=\"wpb_column vc_column_container\"><div class=\"vc_column-inner\"><div class=\"g-cols wpb_row via_grid cols_1 laptops-cols_inherit tablets-cols_inherit mobiles-cols_1 valign_top type_default stacking_default\" style=\"--columns-gap:3rem;\"><div class=\"wpb_column vc_column_container\"><div class=\"vc_column-inner\"><div class=\"wpb_text_column\"><div class=\"wpb_wrapper\"><h2>ZIMMER<\/h2>\n<p>Unsere Zimmer sind funktionsgerecht und dennoch komfortabel eingerichtet. Einige haben Parquett-B\u00f6den, andere sind mit Teppichboden ausgelegt. Alle haben ein eigenes Badezimmer mit Dusche, Haartrockner und kostenlosen Toilettenartikeln. Sie sind mit Telefon, Sat-TV, WLAN undSafe ausgestattet; fast alle haben einen Balkon.<\/p>\n<h2>DIENSTLEISTUNGEN<\/h2>\n<ul>\n<li><strong>FR\u00dcHST\u00dcCK:<\/strong> Dem Fr\u00fchst\u00fcck widmen wir besondere Aufmerksamkeit mit landestypischen Produkten von hoher Qualit\u00e4t. Unser Wunsch ist,jedem Geschmack gerecht zu werden, und wir bieten deshalb Geb\u00e4ck mit Marmeladen- oder Kakao-Creme-F\u00fcllung, Kekse, Kuchen, Croissants,Joghurt, M\u00fcsli, Cornflakes und Salziges mit K\u00e4se, Salami, Speck, Schinken und Eiern. Unser reichhaltiger Obstsalat mit Fr\u00fcchten der jeweiligen Jahreszeit, sowie eine Mischung aus getrockneten Fr\u00fcchten, garantieren Ihnen den richtigen Energieschub. Dazu nat\u00fcrlich:Fruchts\u00e4fte, Milch, Tee, Kaffee, Schokolade oder Cappuccino<\/li>\n<li><strong>FREE WIFI<\/strong><\/li>\n<li><strong>BAR:<\/strong> In unserer Bar k\u00f6nnen Sie sich entspannen und unsere Spezialit\u00e4ten genie\u00dfen, Landkarten und Reisef\u00fchrer studieren und so Ihren Tag planen. Wir beraten Sie gerne, Ihren W\u00fcnschen und Bed\u00fcrfnissen entsprechend.<\/li>\n<li><strong>SKI-Stellraum:<\/strong> Wir verf\u00fcgen \u00fcber einen ger\u00e4umigen und beheizten Ski-Stellraum mit Skistiefelw\u00e4rmern, ideal auch f\u00fcr die Ausr\u00fcstung der Ice-climbers und f\u00fcr das Unterstellen von Fahrr\u00e4dern.<\/li>\n<li><strong>PARKPLATZ:<\/strong> In unmittelbarer N\u00e4he gibt es einen hauseigenen reservierten Parkplatz.<\/li>\n<li><strong>\u201eLA BOTEGA\u201d:<\/strong> neben dem Garni ist unser gut ausgestatteter Mini-Markt, wo Sie Obst und Gem\u00fcse, Zeitungen und Kosmetikartikel kaufen k\u00f6nnen. In einem Bereich des Ladens gibt es viele typische lokale Produkte: Grappa, Honig, Marmelade, Pilze, Speck, R\u00e4ucherwaren und K\u00e4se aus der Gegend, sowie noch viele\u00a0\u00a0 andere Ideen, die Sie als Souvenir oder als Geschenk nach Hause mitnehmen k\u00f6nnen.<\/li>\n<\/ul>\n<\/div><\/div><\/div><\/div><\/div><div class=\"g-cols wpb_row via_grid cols_1 laptops-cols_inherit tablets-cols_inherit mobiles-cols_1 valign_top type_default stacking_default\" style=\"--columns-gap:3rem;\"><div class=\"wpb_column vc_column_container\"><div class=\"vc_column-inner\"><div class=\"w-separator size_medium with_line width_default thick_1 style_solid color_border align_center\"><div class=\"w-separator-h\"><\/div><\/div><\/div><\/div><\/div><div class=\"g-cols wpb_row via_grid cols_1 laptops-cols_inherit tablets-cols_inherit mobiles-cols_1 valign_top type_default stacking_default\" style=\"--columns-gap:3rem;\"><div class=\"wpb_column vc_column_container\"><div class=\"vc_column-inner\"><div class=\"w-grid us_grid type_grid layout_gallery_default cols_6 preload_style_spinner\" id=\"us_grid_1\" style=\"--columns:6;\" data-filterable=\"true\"><style>@media (max-width:767px){#us_grid_1{--columns:4!important}}@media (max-width:479px){#us_grid_1{--columns:2!important}}.layout_gallery_default .w-grid-item-h{}<\/style><div class=\"w-grid-list\">\t<article class=\"w-grid-item size_1x1 post-331 attachment type-attachment status-inherit hentry\" data-id=\"331\">\r\n\t\t<div class=\"w-grid-item-h\">\r\n\t\t\t\t\t\t\t<a ref=\"magnificPopupGrid\" href=\"https:\/\/www.garniaiserrai.it\/wp-content\/uploads\/2015\/06\/027-garni-ai-serrai-marmolada-hotel.jpg\" class=\"w-grid-item-anchor\" aria-label=\"027-garni-ai-serrai-marmolada-hotel\"><\/a>\r\n\t\t\t\t\t\t<div class=\"w-post-elm post_image usg_post_image_1 stretched\"><img loading=\"lazy\" decoding=\"async\" width=\"800\" height=\"533\" src=\"https:\/\/www.garniaiserrai.it\/wp-content\/uploads\/2015\/06\/027-garni-ai-serrai-marmolada-hotel.jpg\" class=\"attachment-us_350_350_crop size-us_350_350_crop\" alt=\"\" srcset=\"https:\/\/www.garniaiserrai.it\/wp-content\/uploads\/2015\/06\/027-garni-ai-serrai-marmolada-hotel.jpg 800w, https:\/\/www.garniaiserrai.it\/wp-content\/uploads\/2015\/06\/027-garni-ai-serrai-marmolada-hotel-300x200.jpg 300w, https:\/\/www.garniaiserrai.it\/wp-content\/uploads\/2015\/06\/027-garni-ai-serrai-marmolada-hotel-600x400.jpg 600w, https:\/\/www.garniaiserrai.it\/wp-content\/uploads\/2015\/06\/027-garni-ai-serrai-marmolada-hotel-150x100.jpg 150w\" sizes=\"auto, (max-width: 800px) 100vw, 800px\" \/><\/div>\t\t<\/div>\r\n\t\t\t<\/article>\r\n\t<article class=\"w-grid-item size_1x1 post-330 attachment type-attachment status-inherit hentry\" data-id=\"330\">\r\n\t\t<div class=\"w-grid-item-h\">\r\n\t\t\t\t\t\t\t<a ref=\"magnificPopupGrid\" href=\"https:\/\/www.garniaiserrai.it\/wp-content\/uploads\/2015\/06\/026-garni-ai-serrai-marmolada-hotel.jpg\" class=\"w-grid-item-anchor\" aria-label=\"026-garni-ai-serrai-marmolada-hotel\"><\/a>\r\n\t\t\t\t\t\t<div class=\"w-post-elm post_image usg_post_image_1 stretched\"><img loading=\"lazy\" decoding=\"async\" width=\"800\" height=\"541\" src=\"https:\/\/www.garniaiserrai.it\/wp-content\/uploads\/2015\/06\/026-garni-ai-serrai-marmolada-hotel.jpg\" class=\"attachment-us_350_350_crop size-us_350_350_crop\" alt=\"\" srcset=\"https:\/\/www.garniaiserrai.it\/wp-content\/uploads\/2015\/06\/026-garni-ai-serrai-marmolada-hotel.jpg 800w, https:\/\/www.garniaiserrai.it\/wp-content\/uploads\/2015\/06\/026-garni-ai-serrai-marmolada-hotel-300x203.jpg 300w, https:\/\/www.garniaiserrai.it\/wp-content\/uploads\/2015\/06\/026-garni-ai-serrai-marmolada-hotel-600x406.jpg 600w, https:\/\/www.garniaiserrai.it\/wp-content\/uploads\/2015\/06\/026-garni-ai-serrai-marmolada-hotel-150x101.jpg 150w, https:\/\/www.garniaiserrai.it\/wp-content\/uploads\/2015\/06\/026-garni-ai-serrai-marmolada-hotel-296x200.jpg 296w\" sizes=\"auto, (max-width: 800px) 100vw, 800px\" \/><\/div>\t\t<\/div>\r\n\t\t\t<\/article>\r\n\t<article class=\"w-grid-item size_1x1 post-335 attachment type-attachment status-inherit hentry\" data-id=\"335\">\r\n\t\t<div class=\"w-grid-item-h\">\r\n\t\t\t\t\t\t\t<a ref=\"magnificPopupGrid\" href=\"https:\/\/www.garniaiserrai.it\/wp-content\/uploads\/2015\/06\/017-garni-ai-serrai-marmolada-hotel.jpg\" class=\"w-grid-item-anchor\" aria-label=\"017-garni-ai-serrai-marmolada-hotel\"><\/a>\r\n\t\t\t\t\t\t<div class=\"w-post-elm post_image usg_post_image_1 stretched\"><img loading=\"lazy\" decoding=\"async\" width=\"800\" height=\"533\" src=\"https:\/\/www.garniaiserrai.it\/wp-content\/uploads\/2015\/06\/017-garni-ai-serrai-marmolada-hotel.jpg\" class=\"attachment-us_350_350_crop size-us_350_350_crop\" alt=\"\" srcset=\"https:\/\/www.garniaiserrai.it\/wp-content\/uploads\/2015\/06\/017-garni-ai-serrai-marmolada-hotel.jpg 800w, https:\/\/www.garniaiserrai.it\/wp-content\/uploads\/2015\/06\/017-garni-ai-serrai-marmolada-hotel-300x200.jpg 300w, https:\/\/www.garniaiserrai.it\/wp-content\/uploads\/2015\/06\/017-garni-ai-serrai-marmolada-hotel-600x400.jpg 600w, https:\/\/www.garniaiserrai.it\/wp-content\/uploads\/2015\/06\/017-garni-ai-serrai-marmolada-hotel-150x100.jpg 150w\" sizes=\"auto, (max-width: 800px) 100vw, 800px\" \/><\/div>\t\t<\/div>\r\n\t\t\t<\/article>\r\n\t<article class=\"w-grid-item size_1x1 post-332 attachment type-attachment status-inherit hentry\" data-id=\"332\">\r\n\t\t<div class=\"w-grid-item-h\">\r\n\t\t\t\t\t\t\t<a ref=\"magnificPopupGrid\" href=\"https:\/\/www.garniaiserrai.it\/wp-content\/uploads\/2015\/06\/028-garni-ai-serrai-marmolada-hotel.jpg\" class=\"w-grid-item-anchor\" aria-label=\"028-garni-ai-serrai-marmolada-hotel\"><\/a>\r\n\t\t\t\t\t\t<div class=\"w-post-elm post_image usg_post_image_1 stretched\"><img loading=\"lazy\" decoding=\"async\" width=\"800\" height=\"533\" src=\"https:\/\/www.garniaiserrai.it\/wp-content\/uploads\/2015\/06\/028-garni-ai-serrai-marmolada-hotel.jpg\" class=\"attachment-us_350_350_crop size-us_350_350_crop\" alt=\"\" srcset=\"https:\/\/www.garniaiserrai.it\/wp-content\/uploads\/2015\/06\/028-garni-ai-serrai-marmolada-hotel.jpg 800w, https:\/\/www.garniaiserrai.it\/wp-content\/uploads\/2015\/06\/028-garni-ai-serrai-marmolada-hotel-300x200.jpg 300w, https:\/\/www.garniaiserrai.it\/wp-content\/uploads\/2015\/06\/028-garni-ai-serrai-marmolada-hotel-600x400.jpg 600w, https:\/\/www.garniaiserrai.it\/wp-content\/uploads\/2015\/06\/028-garni-ai-serrai-marmolada-hotel-150x100.jpg 150w\" sizes=\"auto, (max-width: 800px) 100vw, 800px\" \/><\/div>\t\t<\/div>\r\n\t\t\t<\/article>\r\n\t<article class=\"w-grid-item size_1x1 post-337 attachment type-attachment status-inherit hentry\" data-id=\"337\">\r\n\t\t<div class=\"w-grid-item-h\">\r\n\t\t\t\t\t\t\t<a ref=\"magnificPopupGrid\" href=\"https:\/\/www.garniaiserrai.it\/wp-content\/uploads\/2015\/06\/022-garni-ai-serrai-marmolada-hotel.jpg\" class=\"w-grid-item-anchor\" aria-label=\"022-garni-ai-serrai-marmolada-hotel\"><\/a>\r\n\t\t\t\t\t\t<div class=\"w-post-elm post_image usg_post_image_1 stretched\"><img loading=\"lazy\" decoding=\"async\" width=\"800\" height=\"533\" src=\"https:\/\/www.garniaiserrai.it\/wp-content\/uploads\/2015\/06\/022-garni-ai-serrai-marmolada-hotel.jpg\" class=\"attachment-us_350_350_crop size-us_350_350_crop\" alt=\"\" srcset=\"https:\/\/www.garniaiserrai.it\/wp-content\/uploads\/2015\/06\/022-garni-ai-serrai-marmolada-hotel.jpg 800w, https:\/\/www.garniaiserrai.it\/wp-content\/uploads\/2015\/06\/022-garni-ai-serrai-marmolada-hotel-300x200.jpg 300w, https:\/\/www.garniaiserrai.it\/wp-content\/uploads\/2015\/06\/022-garni-ai-serrai-marmolada-hotel-600x400.jpg 600w, https:\/\/www.garniaiserrai.it\/wp-content\/uploads\/2015\/06\/022-garni-ai-serrai-marmolada-hotel-150x100.jpg 150w\" sizes=\"auto, (max-width: 800px) 100vw, 800px\" \/><\/div>\t\t<\/div>\r\n\t\t\t<\/article>\r\n\t<article class=\"w-grid-item size_1x1 post-336 attachment type-attachment status-inherit hentry\" data-id=\"336\">\r\n\t\t<div class=\"w-grid-item-h\">\r\n\t\t\t\t\t\t\t<a ref=\"magnificPopupGrid\" href=\"https:\/\/www.garniaiserrai.it\/wp-content\/uploads\/2015\/06\/021-garni-ai-serrai-marmolada-hotel.jpg\" class=\"w-grid-item-anchor\" aria-label=\"021-garni-ai-serrai-marmolada-hotel\"><\/a>\r\n\t\t\t\t\t\t<div class=\"w-post-elm post_image usg_post_image_1 stretched\"><img loading=\"lazy\" decoding=\"async\" width=\"800\" height=\"533\" src=\"https:\/\/www.garniaiserrai.it\/wp-content\/uploads\/2015\/06\/021-garni-ai-serrai-marmolada-hotel.jpg\" class=\"attachment-us_350_350_crop size-us_350_350_crop\" alt=\"\" srcset=\"https:\/\/www.garniaiserrai.it\/wp-content\/uploads\/2015\/06\/021-garni-ai-serrai-marmolada-hotel.jpg 800w, https:\/\/www.garniaiserrai.it\/wp-content\/uploads\/2015\/06\/021-garni-ai-serrai-marmolada-hotel-300x200.jpg 300w, https:\/\/www.garniaiserrai.it\/wp-content\/uploads\/2015\/06\/021-garni-ai-serrai-marmolada-hotel-600x400.jpg 600w, https:\/\/www.garniaiserrai.it\/wp-content\/uploads\/2015\/06\/021-garni-ai-serrai-marmolada-hotel-150x100.jpg 150w\" sizes=\"auto, (max-width: 800px) 100vw, 800px\" \/><\/div>\t\t<\/div>\r\n\t\t\t<\/article>\r\n<\/div>\t<div class=\"w-grid-preloader\">\r\n\t\t<div class=\"g-preloader type_1\">\r\n\t\t\t<div><\/div>\r\n\t\t<\/div>\r\n\t<\/div>\r\n\t\t<div class=\"w-grid-json hidden\" onclick='return {&quot;action&quot;:&quot;us_ajax_grid&quot;,&quot;infinite_scroll&quot;:0,&quot;max_num_pages&quot;:1,&quot;pagination&quot;:&quot;none&quot;,&quot;template_vars&quot;:{&quot;columns&quot;:&quot;6&quot;,&quot;exclude_items&quot;:&quot;none&quot;,&quot;img_size&quot;:&quot;us_350_350_crop&quot;,&quot;ignore_items_size&quot;:0,&quot;items_layout&quot;:&quot;gallery_default&quot;,&quot;items_offset&quot;:&quot;1&quot;,&quot;load_animation&quot;:&quot;none&quot;,&quot;overriding_link&quot;:&quot;%7B%22type%22%3A%22popup_image%22%7D&quot;,&quot;post_id&quot;:0,&quot;query_args&quot;:{&quot;post_type&quot;:[&quot;attachment&quot;],&quot;post__in&quot;:[&quot;331&quot;,&quot;330&quot;,&quot;335&quot;,&quot;332&quot;,&quot;337&quot;,&quot;336&quot;],&quot;post_status&quot;:&quot;inherit&quot;,&quot;post_mime_type&quot;:&quot;image&quot;,&quot;posts_per_page&quot;:999},&quot;orderby_query_args&quot;:{&quot;orderby&quot;:{&quot;post__in&quot;:&quot;ASC&quot;},&quot;order&quot;:&quot;ASC&quot;},&quot;type&quot;:&quot;grid&quot;,&quot;us_grid_post_type&quot;:&quot;attachment&quot;,&quot;us_grid_ajax_index&quot;:1,&quot;us_grid_filter_query_string&quot;:null,&quot;us_grid_index&quot;:1,&quot;page_args&quot;:[],&quot;lang&quot;:&quot;de&quot;}}'><\/div>\r\n\t<\/div><\/div><\/div><\/div><\/div><\/div><\/div><\/div><\/section>\n","protected":false},"excerpt":{"rendered":"","protected":false},"author":6,"featured_media":0,"parent":0,"menu_order":0,"comment_status":"closed","ping_status":"open","template":"","meta":{"footnotes":""},"class_list":["post-473","page","type-page","status-publish","hentry"],"yoast_head":"<!-- This site is optimized with the Yoast SEO plugin v27.6 - https:\/\/yoast.com\/product\/yoast-seo-wordpress\/ -->\n<title>Zimmer &amp; Dienstleistungen - Garn&igrave; ai Serrai<\/title>\n<meta name=\"robots\" content=\"index, follow, max-snippet:-1, max-image-preview:large, max-video-preview:-1\" \/>\n<link rel=\"canonical\" href=\"https:\/\/www.garniaiserrai.it\/de\/zimmer-dienstleistungen\/\" \/>\n<meta property=\"og:locale\" content=\"de_DE\" \/>\n<meta property=\"og:type\" content=\"article\" \/>\n<meta property=\"og:title\" content=\"Zimmer &amp; Dienstleistungen - Garn&igrave; ai Serrai\" \/>\n<meta property=\"og:url\" content=\"https:\/\/www.garniaiserrai.it\/de\/zimmer-dienstleistungen\/\" \/>\n<meta property=\"og:site_name\" content=\"Garn&igrave; ai Serrai\" \/>\n<meta property=\"article:modified_time\" content=\"2026-04-28T19:59:12+00:00\" \/>\n<meta name=\"twitter:card\" content=\"summary_large_image\" \/>\n<meta name=\"twitter:label1\" content=\"Gesch\u00e4tzte Lesezeit\" \/>\n\t<meta name=\"twitter:data1\" content=\"2\u00a0Minuten\" \/>\n<script type=\"application\/ld+json\" class=\"yoast-schema-graph\">{\"@context\":\"https:\\\/\\\/schema.org\",\"@graph\":[{\"@type\":\"WebPage\",\"@id\":\"https:\\\/\\\/www.garniaiserrai.it\\\/de\\\/zimmer-dienstleistungen\\\/\",\"url\":\"https:\\\/\\\/www.garniaiserrai.it\\\/de\\\/zimmer-dienstleistungen\\\/\",\"name\":\"Zimmer & Dienstleistungen - Garn&igrave; ai Serrai\",\"isPartOf\":{\"@id\":\"https:\\\/\\\/www.garniaiserrai.it\\\/#website\"},\"datePublished\":\"2015-06-22T15:13:08+00:00\",\"dateModified\":\"2026-04-28T19:59:12+00:00\",\"breadcrumb\":{\"@id\":\"https:\\\/\\\/www.garniaiserrai.it\\\/de\\\/zimmer-dienstleistungen\\\/#breadcrumb\"},\"inLanguage\":\"de\",\"potentialAction\":[{\"@type\":\"ReadAction\",\"target\":[\"https:\\\/\\\/www.garniaiserrai.it\\\/de\\\/zimmer-dienstleistungen\\\/\"]}]},{\"@type\":\"BreadcrumbList\",\"@id\":\"https:\\\/\\\/www.garniaiserrai.it\\\/de\\\/zimmer-dienstleistungen\\\/#breadcrumb\",\"itemListElement\":[{\"@type\":\"ListItem\",\"position\":1,\"name\":\"Start\",\"item\":\"https:\\\/\\\/www.garniaiserrai.it\\\/\"},{\"@type\":\"ListItem\",\"position\":2,\"name\":\"Zimmer &#038; Dienstleistungen\"}]},{\"@type\":\"WebSite\",\"@id\":\"https:\\\/\\\/www.garniaiserrai.it\\\/#website\",\"url\":\"https:\\\/\\\/www.garniaiserrai.it\\\/\",\"name\":\"Garn&igrave; ai Serrai\",\"description\":\"Hotel Garni Ai Serrai ***\",\"potentialAction\":[{\"@type\":\"SearchAction\",\"target\":{\"@type\":\"EntryPoint\",\"urlTemplate\":\"https:\\\/\\\/www.garniaiserrai.it\\\/?s={search_term_string}\"},\"query-input\":{\"@type\":\"PropertyValueSpecification\",\"valueRequired\":true,\"valueName\":\"search_term_string\"}}],\"inLanguage\":\"de\"}]}<\/script>\n<!-- \/ Yoast SEO plugin. -->","yoast_head_json":{"title":"Zimmer & Dienstleistungen - Garn&igrave; ai Serrai","robots":{"index":"index","follow":"follow","max-snippet":"max-snippet:-1","max-image-preview":"max-image-preview:large","max-video-preview":"max-video-preview:-1"},"canonical":"https:\/\/www.garniaiserrai.it\/de\/zimmer-dienstleistungen\/","og_locale":"de_DE","og_type":"article","og_title":"Zimmer & Dienstleistungen - Garn&igrave; ai Serrai","og_url":"https:\/\/www.garniaiserrai.it\/de\/zimmer-dienstleistungen\/","og_site_name":"Garn&igrave; ai Serrai","article_modified_time":"2026-04-28T19:59:12+00:00","twitter_card":"summary_large_image","twitter_misc":{"Gesch\u00e4tzte Lesezeit":"2\u00a0Minuten"},"schema":{"@context":"https:\/\/schema.org","@graph":[{"@type":"WebPage","@id":"https:\/\/www.garniaiserrai.it\/de\/zimmer-dienstleistungen\/","url":"https:\/\/www.garniaiserrai.it\/de\/zimmer-dienstleistungen\/","name":"Zimmer & Dienstleistungen - Garn&igrave; ai Serrai","isPartOf":{"@id":"https:\/\/www.garniaiserrai.it\/#website"},"datePublished":"2015-06-22T15:13:08+00:00","dateModified":"2026-04-28T19:59:12+00:00","breadcrumb":{"@id":"https:\/\/www.garniaiserrai.it\/de\/zimmer-dienstleistungen\/#breadcrumb"},"inLanguage":"de","potentialAction":[{"@type":"ReadAction","target":["https:\/\/www.garniaiserrai.it\/de\/zimmer-dienstleistungen\/"]}]},{"@type":"BreadcrumbList","@id":"https:\/\/www.garniaiserrai.it\/de\/zimmer-dienstleistungen\/#breadcrumb","itemListElement":[{"@type":"ListItem","position":1,"name":"Start","item":"https:\/\/www.garniaiserrai.it\/"},{"@type":"ListItem","position":2,"name":"Zimmer &#038; Dienstleistungen"}]},{"@type":"WebSite","@id":"https:\/\/www.garniaiserrai.it\/#website","url":"https:\/\/www.garniaiserrai.it\/","name":"Garn&igrave; ai Serrai","description":"Hotel Garni Ai Serrai ***","potentialAction":[{"@type":"SearchAction","target":{"@type":"EntryPoint","urlTemplate":"https:\/\/www.garniaiserrai.it\/?s={search_term_string}"},"query-input":{"@type":"PropertyValueSpecification","valueRequired":true,"valueName":"search_term_string"}}],"inLanguage":"de"}]}},"_links":{"self":[{"href":"https:\/\/www.garniaiserrai.it\/de\/wp-json\/wp\/v2\/pages\/473","targetHints":{"allow":["GET"]}}],"collection":[{"href":"https:\/\/www.garniaiserrai.it\/de\/wp-json\/wp\/v2\/pages"}],"about":[{"href":"https:\/\/www.garniaiserrai.it\/de\/wp-json\/wp\/v2\/types\/page"}],"author":[{"embeddable":true,"href":"https:\/\/www.garniaiserrai.it\/de\/wp-json\/wp\/v2\/users\/6"}],"replies":[{"embeddable":true,"href":"https:\/\/www.garniaiserrai.it\/de\/wp-json\/wp\/v2\/comments?post=473"}],"version-history":[{"count":12,"href":"https:\/\/www.garniaiserrai.it\/de\/wp-json\/wp\/v2\/pages\/473\/revisions"}],"predecessor-version":[{"id":1686,"href":"https:\/\/www.garniaiserrai.it\/de\/wp-json\/wp\/v2\/pages\/473\/revisions\/1686"}],"wp:attachment":[{"href":"https:\/\/www.garniaiserrai.it\/de\/wp-json\/wp\/v2\/media?parent=473"}],"curies":[{"name":"wp","href":"https:\/\/api.w.org\/{rel}","templated":true}]}}